{"id":59,"date":"2021-02-16T12:10:38","date_gmt":"2021-02-16T12:10:38","guid":{"rendered":"https:\/\/trachtdev.private-cloud.network\/?page_id=59"},"modified":"2021-04-03T16:41:10","modified_gmt":"2021-04-03T16:41:10","slug":"maennertracht-2","status":"publish","type":"page","link":"https:\/\/altriper-tracht.de\/?page_id=59","title":{"rendered":"M\u00e4nnertracht"},"content":{"rendered":"<h5><\/h5>\n<h3><span style=\"color: #000080;\">Hemd<\/span><\/h3>\n<p><noscript><img decoding=\"async\" class src=\"\/wp-content\/uploads\/2021\/02\/19-08-20-14-19-49-0458.jpg\" width=\"237\" height=\"327\" border=\"0\"><\/noscript><img decoding=\"async\" class=\" lazyload\" src=\"data:image\/svg+xml,%3Csvg%20xmlns%3D%22http%3A%2F%2Fwww.w3.org%2F2000%2Fsvg%22%20viewBox%3D%220%200%20237%20327%22%3E%3C%2Fsvg%3E\" width=\"237\" height=\"327\" border=\"0\" data-src=\"\/wp-content\/uploads\/2021\/02\/19-08-20-14-19-49-0458.jpg\"><br>\n<strong><br>\nStoff:<\/strong> wei\u00dfes Leinen&nbsp;&nbsp;&nbsp; <a href=\"\/?page_id=274\" target=\"_blank\" rel=\"noopener\"><strong>Details<\/strong><\/a><\/p>\n<h3><span style=\"color: #000080;\">Tuch<\/span><\/h3>\n<p><noscript><img decoding=\"async\" class=\"alignnone size-medium wp-image-308\" src=\"https:\/\/altriper-tracht.de\/wp-content\/uploads\/2021\/02\/2019-08-27-11-30-02-1-300x157.png\" alt width=\"300\" height=\"157\" srcset=\"https:\/\/altriper-tracht.de\/wp-content\/uploads\/2021\/02\/2019-08-27-11-30-02-1-300x157.png 300w, https:\/\/altriper-tracht.de\/wp-content\/uploads\/2021\/02\/2019-08-27-11-30-02-1.png 730w\" sizes=\"(max-width: 300px) 100vw, 300px\"><\/noscript><img decoding=\"async\" class=\"alignnone size-medium wp-image-308 lazyload\" src=\"data:image\/svg+xml,%3Csvg%20xmlns%3D%22http%3A%2F%2Fwww.w3.org%2F2000%2Fsvg%22%20viewBox%3D%220%200%20300%20157%22%3E%3C%2Fsvg%3E\" alt width=\"300\" height=\"157\" srcset=\"data:image\/svg+xml,%3Csvg%20xmlns%3D%22http%3A%2F%2Fwww.w3.org%2F2000%2Fsvg%22%20viewBox%3D%220%200%20300%20157%22%3E%3C%2Fsvg%3E 300w\" sizes=\"(max-width: 300px) 100vw, 300px\" data-srcset=\"https:\/\/altriper-tracht.de\/wp-content\/uploads\/2021\/02\/2019-08-27-11-30-02-1-300x157.png 300w, https:\/\/altriper-tracht.de\/wp-content\/uploads\/2021\/02\/2019-08-27-11-30-02-1.png 730w\" data-src=\"https:\/\/altriper-tracht.de\/wp-content\/uploads\/2021\/02\/2019-08-27-11-30-02-1-300x157.png\"><\/p>\n<p><strong>Stoff:<\/strong> schwarze Seide (Rand rolliert) &nbsp;&nbsp; <a href=\"\/?page_id=277\" target=\"_blank\" rel=\"noopener\"><strong>Details<\/strong><\/a><\/p>\n<h3><\/h3>\n<h3><span style=\"color: #000080;\">Gilet (Weste)<\/span><\/h3>\n<p><noscript><img decoding=\"async\" class=\"alignnone size-medium wp-image-307\" src=\"https:\/\/altriper-tracht.de\/wp-content\/uploads\/2021\/02\/2019-08-27-12-06-23-1-277x300.jpg\" alt width=\"277\" height=\"300\" srcset=\"https:\/\/altriper-tracht.de\/wp-content\/uploads\/2021\/02\/2019-08-27-12-06-23-1-277x300.jpg 277w, https:\/\/altriper-tracht.de\/wp-content\/uploads\/2021\/02\/2019-08-27-12-06-23-1-945x1024.jpg 945w, https:\/\/altriper-tracht.de\/wp-content\/uploads\/2021\/02\/2019-08-27-12-06-23-1-768x832.jpg 768w, https:\/\/altriper-tracht.de\/wp-content\/uploads\/2021\/02\/2019-08-27-12-06-23-1.jpg 1144w\" sizes=\"(max-width: 277px) 100vw, 277px\"><\/noscript><img decoding=\"async\" class=\"alignnone size-medium wp-image-307 lazyload\" src=\"data:image\/svg+xml,%3Csvg%20xmlns%3D%22http%3A%2F%2Fwww.w3.org%2F2000%2Fsvg%22%20viewBox%3D%220%200%20277%20300%22%3E%3C%2Fsvg%3E\" alt width=\"277\" height=\"300\" srcset=\"data:image\/svg+xml,%3Csvg%20xmlns%3D%22http%3A%2F%2Fwww.w3.org%2F2000%2Fsvg%22%20viewBox%3D%220%200%20277%20300%22%3E%3C%2Fsvg%3E 277w\" sizes=\"(max-width: 277px) 100vw, 277px\" data-srcset=\"https:\/\/altriper-tracht.de\/wp-content\/uploads\/2021\/02\/2019-08-27-12-06-23-1-277x300.jpg 277w, https:\/\/altriper-tracht.de\/wp-content\/uploads\/2021\/02\/2019-08-27-12-06-23-1-945x1024.jpg 945w, https:\/\/altriper-tracht.de\/wp-content\/uploads\/2021\/02\/2019-08-27-12-06-23-1-768x832.jpg 768w, https:\/\/altriper-tracht.de\/wp-content\/uploads\/2021\/02\/2019-08-27-12-06-23-1.jpg 1144w\" data-src=\"https:\/\/altriper-tracht.de\/wp-content\/uploads\/2021\/02\/2019-08-27-12-06-23-1-277x300.jpg\"><\/p>\n<p><strong>Stoff:<\/strong> <span style=\"color: 000066;\">mittelblauen, atlasbindigen Leinenstoff&nbsp;&nbsp; <\/span><a href=\"\/?page_id=280\" target=\"_blank\" rel=\"noopener\"><strong>Details<\/strong><\/a><\/p>\n<p>&nbsp;<\/p>\n<h3><span style=\"color: #000080;\">Wams<\/span><\/h3>\n<p><noscript><img decoding=\"async\" class=\"alignnone size-medium wp-image-339\" src=\"https:\/\/altriper-tracht.de\/wp-content\/uploads\/2021\/02\/40564434bq-248x300.png\" alt width=\"248\" height=\"300\" srcset=\"https:\/\/altriper-tracht.de\/wp-content\/uploads\/2021\/02\/40564434bq-248x300.png 248w, https:\/\/altriper-tracht.de\/wp-content\/uploads\/2021\/02\/40564434bq.png 260w\" sizes=\"(max-width: 248px) 100vw, 248px\"><\/noscript><img decoding=\"async\" class=\"alignnone size-medium wp-image-339 lazyload\" src=\"data:image\/svg+xml,%3Csvg%20xmlns%3D%22http%3A%2F%2Fwww.w3.org%2F2000%2Fsvg%22%20viewBox%3D%220%200%20248%20300%22%3E%3C%2Fsvg%3E\" alt width=\"248\" height=\"300\" srcset=\"data:image\/svg+xml,%3Csvg%20xmlns%3D%22http%3A%2F%2Fwww.w3.org%2F2000%2Fsvg%22%20viewBox%3D%220%200%20248%20300%22%3E%3C%2Fsvg%3E 248w\" sizes=\"(max-width: 248px) 100vw, 248px\" data-srcset=\"https:\/\/altriper-tracht.de\/wp-content\/uploads\/2021\/02\/40564434bq-248x300.png 248w, https:\/\/altriper-tracht.de\/wp-content\/uploads\/2021\/02\/40564434bq.png 260w\" data-src=\"https:\/\/altriper-tracht.de\/wp-content\/uploads\/2021\/02\/40564434bq-248x300.png\"><\/p>\n<p><strong>Stoff:<\/strong> nachtblaues Tuch (Wollstoff)&nbsp;&nbsp;&nbsp; <a href=\"\/?page_id=283\" target=\"_blank\" rel=\"noopener\"><strong>Details<\/strong><\/a><\/p>\n<h3><span style=\"color: #000080;\">Hose mit breitem Latz<\/span><\/h3>\n<p><noscript><img decoding=\"async\" class=\"alignnone size-medium wp-image-310\" src=\"https:\/\/altriper-tracht.de\/wp-content\/uploads\/2021\/02\/19-08-20-14-21-14-0460-181x300.jpg\" alt width=\"181\" height=\"300\" srcset=\"https:\/\/altriper-tracht.de\/wp-content\/uploads\/2021\/02\/19-08-20-14-21-14-0460-181x300.jpg 181w, https:\/\/altriper-tracht.de\/wp-content\/uploads\/2021\/02\/19-08-20-14-21-14-0460-617x1024.jpg 617w, https:\/\/altriper-tracht.de\/wp-content\/uploads\/2021\/02\/19-08-20-14-21-14-0460-768x1274.jpg 768w, https:\/\/altriper-tracht.de\/wp-content\/uploads\/2021\/02\/19-08-20-14-21-14-0460-926x1536.jpg 926w, https:\/\/altriper-tracht.de\/wp-content\/uploads\/2021\/02\/19-08-20-14-21-14-0460.jpg 1076w\" sizes=\"(max-width: 181px) 100vw, 181px\"><\/noscript><img decoding=\"async\" class=\"alignnone size-medium wp-image-310 lazyload\" src=\"data:image\/svg+xml,%3Csvg%20xmlns%3D%22http%3A%2F%2Fwww.w3.org%2F2000%2Fsvg%22%20viewBox%3D%220%200%20181%20300%22%3E%3C%2Fsvg%3E\" alt width=\"181\" height=\"300\" srcset=\"data:image\/svg+xml,%3Csvg%20xmlns%3D%22http%3A%2F%2Fwww.w3.org%2F2000%2Fsvg%22%20viewBox%3D%220%200%20181%20300%22%3E%3C%2Fsvg%3E 181w\" sizes=\"(max-width: 181px) 100vw, 181px\" data-srcset=\"https:\/\/altriper-tracht.de\/wp-content\/uploads\/2021\/02\/19-08-20-14-21-14-0460-181x300.jpg 181w, https:\/\/altriper-tracht.de\/wp-content\/uploads\/2021\/02\/19-08-20-14-21-14-0460-617x1024.jpg 617w, https:\/\/altriper-tracht.de\/wp-content\/uploads\/2021\/02\/19-08-20-14-21-14-0460-768x1274.jpg 768w, https:\/\/altriper-tracht.de\/wp-content\/uploads\/2021\/02\/19-08-20-14-21-14-0460-926x1536.jpg 926w, https:\/\/altriper-tracht.de\/wp-content\/uploads\/2021\/02\/19-08-20-14-21-14-0460.jpg 1076w\" data-src=\"https:\/\/altriper-tracht.de\/wp-content\/uploads\/2021\/02\/19-08-20-14-21-14-0460-181x300.jpg\"><br>\n<strong><br>\nStoff:<\/strong> n<span style=\"color: 000066;\">achtblauer Manchester (breiter Cord) &nbsp;&nbsp; <\/span><a href=\"\/?page_id=286\" target=\"_blank\" rel=\"noopener\"><strong>Details<\/strong><\/a><\/p>\n<h3><span style=\"color: #000080;\">Str\u00fcmpfe<\/span><\/h3>\n<p><noscript><img decoding=\"async\" class=\"alignnone size-full wp-image-352\" src=\"https:\/\/altriper-tracht.de\/wp-content\/uploads\/2021\/02\/strumpf-w.jpg\" alt width=\"150\" height=\"200\"><\/noscript><img decoding=\"async\" class=\"alignnone size-full wp-image-352 lazyload\" src=\"data:image\/svg+xml,%3Csvg%20xmlns%3D%22http%3A%2F%2Fwww.w3.org%2F2000%2Fsvg%22%20viewBox%3D%220%200%20150%20200%22%3E%3C%2Fsvg%3E\" alt width=\"150\" height=\"200\" data-src=\"https:\/\/altriper-tracht.de\/wp-content\/uploads\/2021\/02\/strumpf-w.jpg\"><\/p>\n<p><strong>Material:<\/strong> reine Wolle&nbsp;&nbsp;&nbsp; <a href=\"\/?page_id=289\" target=\"_blank\" rel=\"noopener\"><strong>Details<\/strong><\/a><\/p>\n<h3><span style=\"color: #000080;\">Schuhe<\/span><\/h3>\n<p><noscript><img decoding=\"async\" class=\"alignnone size-full wp-image-480\" src=\"\/wp-content\/uploads\/2021\/02\/schuh1-1.gif\" alt width=\"150\" height=\"200\"><\/noscript><img decoding=\"async\" class=\"alignnone size-full wp-image-480 lazyload\" src=\"data:image\/svg+xml,%3Csvg%20xmlns%3D%22http%3A%2F%2Fwww.w3.org%2F2000%2Fsvg%22%20viewBox%3D%220%200%20150%20200%22%3E%3C%2Fsvg%3E\" alt width=\"150\" height=\"200\" data-src=\"\/wp-content\/uploads\/2021\/02\/schuh1-1.gif\"><\/p>\n<p><span style=\"color: 000066;\">schwarzes Leder&nbsp;&nbsp;&nbsp; <a href=\"\/?page_id=292\" target=\"_blank\" rel=\"noopener\"><strong>Details<\/strong><\/a><br>\n<\/span><\/p>\n<h3><span style=\"color: #000080;\">Mantel<\/span><b><\/b><\/h3>\n<p><noscript><img decoding=\"async\" class=\"alignnone size-medium wp-image-373\" src=\"\/wp-content\/uploads\/2021\/02\/Mantel-176x300.png\" alt width=\"176\" height=\"300\" srcset=\"https:\/\/altriper-tracht.de\/wp-content\/uploads\/2021\/02\/Mantel-176x300.png 176w, https:\/\/altriper-tracht.de\/wp-content\/uploads\/2021\/02\/Mantel-602x1024.png 602w, https:\/\/altriper-tracht.de\/wp-content\/uploads\/2021\/02\/Mantel.png 644w\" sizes=\"(max-width: 176px) 100vw, 176px\"><\/noscript><img decoding=\"async\" class=\"alignnone size-medium wp-image-373 lazyload\" src=\"data:image\/svg+xml,%3Csvg%20xmlns%3D%22http%3A%2F%2Fwww.w3.org%2F2000%2Fsvg%22%20viewBox%3D%220%200%20176%20300%22%3E%3C%2Fsvg%3E\" alt width=\"176\" height=\"300\" srcset=\"data:image\/svg+xml,%3Csvg%20xmlns%3D%22http%3A%2F%2Fwww.w3.org%2F2000%2Fsvg%22%20viewBox%3D%220%200%20176%20300%22%3E%3C%2Fsvg%3E 176w\" sizes=\"(max-width: 176px) 100vw, 176px\" data-srcset=\"https:\/\/altriper-tracht.de\/wp-content\/uploads\/2021\/02\/Mantel-176x300.png 176w, https:\/\/altriper-tracht.de\/wp-content\/uploads\/2021\/02\/Mantel-602x1024.png 602w, https:\/\/altriper-tracht.de\/wp-content\/uploads\/2021\/02\/Mantel.png 644w\" data-src=\"\/wp-content\/uploads\/2021\/02\/Mantel-176x300.png\"><\/p>\n<p><b>Stoff: <\/b>schweres, nachtblaues Tuch&nbsp;&nbsp;&nbsp; <a href=\"\/?page_id=295\" target=\"_blank\" rel=\"noopener\"><strong>Details<\/strong><\/a><\/p>\n<p>&nbsp;<\/p>\n<h3><span style=\"color: #000080;\">H\u00fcte<\/span><\/h3>\n<p><span style=\"color: 000066;\">F\u00fcr unsere M\u00e4nnertracht sind zwei H\u00fcte bezeugt<br>\n<\/span><\/p>\n<p><span style=\"color: 000066;\">der<strong> &#8222;Nebelsegler&#8220;<\/strong>:<\/span><\/p>\n<p>&nbsp;<\/p>\n<p><noscript><img decoding=\"async\" class src=\"\/wp-content\/uploads\/2021\/02\/Nebelsegler1.png\" width=\"257\" height=\"220\"><\/noscript><img decoding=\"async\" class=\" lazyload\" src=\"data:image\/svg+xml,%3Csvg%20xmlns%3D%22http%3A%2F%2Fwww.w3.org%2F2000%2Fsvg%22%20viewBox%3D%220%200%20257%20220%22%3E%3C%2Fsvg%3E\" width=\"257\" height=\"220\" data-src=\"\/wp-content\/uploads\/2021\/02\/Nebelsegler1.png\"><\/p>\n<p>&nbsp;<\/p>\n<p><span style=\"color: 000066;\"> und der<strong> &#8222;Dreispitz&#8220;:<\/strong><br>\n<\/span><span style=\"color: 000066;\"><br>\n<\/span><\/p>\n<p><noscript><img decoding=\"async\" class src=\"\/wp-content\/uploads\/2021\/02\/Dreispitz.png\" width=\"265\" height=\"169\"><\/noscript><img decoding=\"async\" class=\" lazyload\" src=\"data:image\/svg+xml,%3Csvg%20xmlns%3D%22http%3A%2F%2Fwww.w3.org%2F2000%2Fsvg%22%20viewBox%3D%220%200%20265%20169%22%3E%3C%2Fsvg%3E\" width=\"265\" height=\"169\" data-src=\"\/wp-content\/uploads\/2021\/02\/Dreispitz.png\"><\/p>\n<p><a href=\"\/?page_id=363\" target=\"_blank\" rel=\"noopener\"><strong>Details<\/strong><\/a><\/p>\n<p>&nbsp;<\/p>\n<p><span style=\"color: #ffffff;\">Altrip, Pfalz, Kurpfalz, Deutschland<\/span><\/p>\n<p>&nbsp;<\/p>\n","protected":false},"excerpt":{"rendered":"<p>Hemd Stoff: wei\u00dfes Leinen&nbsp;&nbsp;&nbsp; Details Tuch Stoff: schwarze Seide (Rand rolliert) &nbsp;&nbsp; Details Gilet (Weste) Stoff: mittelblauen, atlasbindigen Leinenstoff&nbsp;&nbsp; Details &nbsp; Wams Stoff: nachtblaues Tuch (Wollstoff)&nbsp;&nbsp;&nbsp; Details Hose mit breitem Latz Stoff: nachtblauer Manchester (breiter Cord) &nbsp;&nbsp; Details Str\u00fcmpfe Material: reine Wolle&nbsp;&nbsp;&nbsp; Details Schuhe schwarzes Leder&nbsp;&nbsp;&nbsp; Details Mantel Stoff: schweres, nachtblaues Tuch&nbsp;&nbsp;&nbsp; Details &nbsp; H\u00fcte&hellip; <\/p>\n<p> <a rel=\"bookmark\" class=\"read-more btn btn-primary\" href=\"https:\/\/altriper-tracht.de\/?page_id=59\">Weiterlesen<span class=\"screen-reader-text\"> bei M\u00e4nnertracht <\/span>&raquo;<\/a><\/p>\n","protected":false},"author":2,"featured_media":0,"parent":0,"menu_order":0,"comment_status":"open","ping_status":"closed","template":"","meta":{"_crdt_document":"","footnotes":""},"class_list":["post-59","page","type-page","status-publish","hentry"],"_links":{"self":[{"href":"https:\/\/altriper-tracht.de\/index.php?rest_route=\/wp\/v2\/pages\/59","targetHints":{"allow":["GET"]}}],"collection":[{"href":"https:\/\/altriper-tracht.de\/index.php?rest_route=\/wp\/v2\/pages"}],"about":[{"href":"https:\/\/altriper-tracht.de\/index.php?rest_route=\/wp\/v2\/types\/page"}],"author":[{"embeddable":true,"href":"https:\/\/altriper-tracht.de\/index.php?rest_route=\/wp\/v2\/users\/2"}],"replies":[{"embeddable":true,"href":"https:\/\/altriper-tracht.de\/index.php?rest_route=%2Fwp%2Fv2%2Fcomments&post=59"}],"version-history":[{"count":69,"href":"https:\/\/altriper-tracht.de\/index.php?rest_route=\/wp\/v2\/pages\/59\/revisions"}],"predecessor-version":[{"id":1025,"href":"https:\/\/altriper-tracht.de\/index.php?rest_route=\/wp\/v2\/pages\/59\/revisions\/1025"}],"wp:attachment":[{"href":"https:\/\/altriper-tracht.de\/index.php?rest_route=%2Fwp%2Fv2%2Fmedia&parent=59"}],"curies":[{"name":"wp","href":"https:\/\/api.w.org\/{rel}","templated":true}]}}