{"id":56,"date":"2021-02-16T08:01:47","date_gmt":"2021-02-16T08:01:47","guid":{"rendered":"https:\/\/trachtdev.private-cloud.network\/?page_id=56"},"modified":"2021-04-03T16:38:06","modified_gmt":"2021-04-03T16:38:06","slug":"frauentracht","status":"publish","type":"page","link":"https:\/\/altriper-tracht.de\/?page_id=56","title":{"rendered":"Frauentracht"},"content":{"rendered":"<h3><\/h3>\n<h3><span style=\"color: #000080;\">Hemd<\/span><\/h3>\n<p>&nbsp;<\/p>\n<p><noscript><img decoding=\"async\" class src=\"\/wp-content\/uploads\/2021\/02\/Frauenhemd.png\" width=\"217\" height=\"370\"><\/noscript><img decoding=\"async\" class=\" lazyload\" src=\"data:image\/svg+xml,%3Csvg%20xmlns%3D%22http%3A%2F%2Fwww.w3.org%2F2000%2Fsvg%22%20viewBox%3D%220%200%20217%20370%22%3E%3C%2Fsvg%3E\" width=\"217\" height=\"370\" data-src=\"\/wp-content\/uploads\/2021\/02\/Frauenhemd.png\"><\/p>\n<p><strong>Stoff:<\/strong> wei\u00dfes Leinen&nbsp;&nbsp; <a href=\"\/?page_id=233\" target=\"_blank\" rel=\"noopener\"><strong>Details<\/strong><\/a><\/p>\n<h3><span style=\"color: #000080;\">Unterrock<\/span><\/h3>\n<p><noscript><img decoding=\"async\" class=\"alignnone size-medium wp-image-391\" src=\"\/wp-content\/uploads\/2021\/02\/Unterrock-185x300.jpg\" alt width=\"185\" height=\"300\" srcset=\"https:\/\/altriper-tracht.de\/wp-content\/uploads\/2021\/02\/Unterrock-185x300.jpg 185w, https:\/\/altriper-tracht.de\/wp-content\/uploads\/2021\/02\/Unterrock.jpg 519w\" sizes=\"(max-width: 185px) 100vw, 185px\"><\/noscript><img decoding=\"async\" class=\"alignnone size-medium wp-image-391 lazyload\" src=\"data:image\/svg+xml,%3Csvg%20xmlns%3D%22http%3A%2F%2Fwww.w3.org%2F2000%2Fsvg%22%20viewBox%3D%220%200%20185%20300%22%3E%3C%2Fsvg%3E\" alt width=\"185\" height=\"300\" srcset=\"data:image\/svg+xml,%3Csvg%20xmlns%3D%22http%3A%2F%2Fwww.w3.org%2F2000%2Fsvg%22%20viewBox%3D%220%200%20185%20300%22%3E%3C%2Fsvg%3E 185w\" sizes=\"(max-width: 185px) 100vw, 185px\" data-srcset=\"https:\/\/altriper-tracht.de\/wp-content\/uploads\/2021\/02\/Unterrock-185x300.jpg 185w, https:\/\/altriper-tracht.de\/wp-content\/uploads\/2021\/02\/Unterrock.jpg 519w\" data-src=\"\/wp-content\/uploads\/2021\/02\/Unterrock-185x300.jpg\"><\/p>\n<p><span style=\"color: 000066;\"><strong>Stoff:<\/strong> mittelblaues Leinen&nbsp;&nbsp; <a href=\"\/?page_id=236\" target=\"_blank\" rel=\"noopener\"><strong>Details<\/strong><\/a><br>\n<\/span><\/p>\n<h3><span style=\"color: #000080;\">Leibchen mit &#8222;Weiberspeck&#8220;<\/span><\/h3>\n<p>&nbsp;<\/p>\n<p><noscript><img decoding=\"async\" class=\"alignnone size-medium wp-image-385\" src=\"\/wp-content\/uploads\/2021\/02\/leibchen-238x300.jpg\" alt width=\"238\" height=\"300\" srcset=\"https:\/\/altriper-tracht.de\/wp-content\/uploads\/2021\/02\/leibchen-238x300.jpg 238w, https:\/\/altriper-tracht.de\/wp-content\/uploads\/2021\/02\/leibchen.jpg 459w\" sizes=\"(max-width: 238px) 100vw, 238px\"><\/noscript><img decoding=\"async\" class=\"alignnone size-medium wp-image-385 lazyload\" src=\"data:image\/svg+xml,%3Csvg%20xmlns%3D%22http%3A%2F%2Fwww.w3.org%2F2000%2Fsvg%22%20viewBox%3D%220%200%20238%20300%22%3E%3C%2Fsvg%3E\" alt width=\"238\" height=\"300\" srcset=\"data:image\/svg+xml,%3Csvg%20xmlns%3D%22http%3A%2F%2Fwww.w3.org%2F2000%2Fsvg%22%20viewBox%3D%220%200%20238%20300%22%3E%3C%2Fsvg%3E 238w\" sizes=\"(max-width: 238px) 100vw, 238px\" data-srcset=\"https:\/\/altriper-tracht.de\/wp-content\/uploads\/2021\/02\/leibchen-238x300.jpg 238w, https:\/\/altriper-tracht.de\/wp-content\/uploads\/2021\/02\/leibchen.jpg 459w\" data-src=\"\/wp-content\/uploads\/2021\/02\/leibchen-238x300.jpg\"><\/p>\n<p><strong>Stoff:<\/strong> nachtblaues Leinen&nbsp; <a href=\"\/?page_id=239&amp;preview=true\" target=\"_blank\" rel=\"noopener\"><strong>Details<\/strong><\/a><\/p>\n<h3><span style=\"color: #000080;\">Rock<\/span><\/h3>\n<p><noscript><img decoding=\"async\" class=\"alignnone size-medium wp-image-386\" src=\"\/wp-content\/uploads\/2021\/02\/Rock-199x300.jpg\" alt width=\"199\" height=\"300\" srcset=\"https:\/\/altriper-tracht.de\/wp-content\/uploads\/2021\/02\/Rock-199x300.jpg 199w, https:\/\/altriper-tracht.de\/wp-content\/uploads\/2021\/02\/Rock.jpg 540w\" sizes=\"(max-width: 199px) 100vw, 199px\"><\/noscript><img decoding=\"async\" class=\"alignnone size-medium wp-image-386 lazyload\" src=\"data:image\/svg+xml,%3Csvg%20xmlns%3D%22http%3A%2F%2Fwww.w3.org%2F2000%2Fsvg%22%20viewBox%3D%220%200%20199%20300%22%3E%3C%2Fsvg%3E\" alt width=\"199\" height=\"300\" srcset=\"data:image\/svg+xml,%3Csvg%20xmlns%3D%22http%3A%2F%2Fwww.w3.org%2F2000%2Fsvg%22%20viewBox%3D%220%200%20199%20300%22%3E%3C%2Fsvg%3E 199w\" sizes=\"(max-width: 199px) 100vw, 199px\" data-srcset=\"https:\/\/altriper-tracht.de\/wp-content\/uploads\/2021\/02\/Rock-199x300.jpg 199w, https:\/\/altriper-tracht.de\/wp-content\/uploads\/2021\/02\/Rock.jpg 540w\" data-src=\"\/wp-content\/uploads\/2021\/02\/Rock-199x300.jpg\"><\/p>\n<p><strong>Stoff:&nbsp; <\/strong><span style=\"color: 000066;\">&#8222;Rass&#8220; <\/span><span style=\"color: 000066;\">&nbsp; &nbsp; &nbsp; &nbsp;&nbsp;<a href=\"\/?page_id=244\" target=\"_blank\" rel=\"noopener\"><strong>Details<\/strong><\/a><\/span><\/p>\n<h3><span style=\"color: #000080;\">Umbindetasche<\/span><\/h3>\n<p><noscript><img decoding=\"async\" class=\"alignnone size-full wp-image-390\" src=\"\/wp-content\/uploads\/2021\/02\/Umbindetasche.jpg\" alt width=\"219\" height=\"253\"><\/noscript><img decoding=\"async\" class=\"alignnone size-full wp-image-390 lazyload\" src=\"data:image\/svg+xml,%3Csvg%20xmlns%3D%22http%3A%2F%2Fwww.w3.org%2F2000%2Fsvg%22%20viewBox%3D%220%200%20219%20253%22%3E%3C%2Fsvg%3E\" alt width=\"219\" height=\"253\" data-src=\"\/wp-content\/uploads\/2021\/02\/Umbindetasche.jpg\"><\/p>\n<p><span style=\"color: 000066;\">Stoff: wei\u00dfes Leinen&nbsp;&nbsp; <a href=\"\/?page_id=247\" target=\"_blank\" rel=\"noopener\"><strong>Details<\/strong><\/a><br>\n<\/span><\/p>\n<h3><span style=\"color: #000080;\">Sch\u00fcrze<\/span><\/h3>\n<p><noscript><img decoding=\"async\" class=\"alignnone size-medium wp-image-388\" src=\"\/wp-content\/uploads\/2021\/02\/Schuerze-196x300.jpg\" alt width=\"196\" height=\"300\" srcset=\"https:\/\/altriper-tracht.de\/wp-content\/uploads\/2021\/02\/Schuerze-196x300.jpg 196w, https:\/\/altriper-tracht.de\/wp-content\/uploads\/2021\/02\/Schuerze.jpg 528w\" sizes=\"(max-width: 196px) 100vw, 196px\"><\/noscript><img decoding=\"async\" class=\"alignnone size-medium wp-image-388 lazyload\" src=\"data:image\/svg+xml,%3Csvg%20xmlns%3D%22http%3A%2F%2Fwww.w3.org%2F2000%2Fsvg%22%20viewBox%3D%220%200%20196%20300%22%3E%3C%2Fsvg%3E\" alt width=\"196\" height=\"300\" srcset=\"data:image\/svg+xml,%3Csvg%20xmlns%3D%22http%3A%2F%2Fwww.w3.org%2F2000%2Fsvg%22%20viewBox%3D%220%200%20196%20300%22%3E%3C%2Fsvg%3E 196w\" sizes=\"(max-width: 196px) 100vw, 196px\" data-srcset=\"https:\/\/altriper-tracht.de\/wp-content\/uploads\/2021\/02\/Schuerze-196x300.jpg 196w, https:\/\/altriper-tracht.de\/wp-content\/uploads\/2021\/02\/Schuerze.jpg 528w\" data-src=\"\/wp-content\/uploads\/2021\/02\/Schuerze-196x300.jpg\"><\/p>\n<p><strong>Stoff:<\/strong> <span style=\"color: 000066;\">Seidenjaquard (\u00e9crufarben; kleine Streubl\u00fcmchen)&nbsp; <a href=\"\/?page_id=250\" target=\"_blank\" rel=\"noopener\"><strong>Details<\/strong><\/a><\/span><\/p>\n<h3><span style=\"color: #000080;\">Brusttuch<\/span><\/h3>\n<p><noscript><img decoding=\"async\" class=\"alignnone size-medium wp-image-415\" src=\"\/wp-content\/uploads\/2021\/02\/Brusttuch1-267x300.png\" alt width=\"267\" height=\"300\" srcset=\"https:\/\/altriper-tracht.de\/wp-content\/uploads\/2021\/02\/Brusttuch1-267x300.png 267w, https:\/\/altriper-tracht.de\/wp-content\/uploads\/2021\/02\/Brusttuch1.png 387w\" sizes=\"(max-width: 267px) 100vw, 267px\"><\/noscript><img decoding=\"async\" class=\"alignnone size-medium wp-image-415 lazyload\" src=\"data:image\/svg+xml,%3Csvg%20xmlns%3D%22http%3A%2F%2Fwww.w3.org%2F2000%2Fsvg%22%20viewBox%3D%220%200%20267%20300%22%3E%3C%2Fsvg%3E\" alt width=\"267\" height=\"300\" srcset=\"data:image\/svg+xml,%3Csvg%20xmlns%3D%22http%3A%2F%2Fwww.w3.org%2F2000%2Fsvg%22%20viewBox%3D%220%200%20267%20300%22%3E%3C%2Fsvg%3E 267w\" sizes=\"(max-width: 267px) 100vw, 267px\" data-srcset=\"https:\/\/altriper-tracht.de\/wp-content\/uploads\/2021\/02\/Brusttuch1-267x300.png 267w, https:\/\/altriper-tracht.de\/wp-content\/uploads\/2021\/02\/Brusttuch1.png 387w\" data-src=\"\/wp-content\/uploads\/2021\/02\/Brusttuch1-267x300.png\"><\/p>\n<p><span style=\"color: 000066;\"><b>Stoff<\/b>: hellblauer Reinseidenjaquard mit gro\u00dfem Blumenmuster&nbsp;&nbsp; <a href=\"\/?page_id=253\" target=\"_blank\" rel=\"noopener\"><strong>Details<\/strong><\/a><br>\n<\/span><\/p>\n<h3><span style=\"color: #000080;\">Mitzel \/ Jacke<\/span><\/h3>\n<p><noscript><img decoding=\"async\" class=\"alignnone size-medium wp-image-417\" src=\"\/wp-content\/uploads\/2021\/02\/mitzel1-225x300.jpg\" alt width=\"225\" height=\"300\" srcset=\"https:\/\/altriper-tracht.de\/wp-content\/uploads\/2021\/02\/mitzel1-225x300.jpg 225w, https:\/\/altriper-tracht.de\/wp-content\/uploads\/2021\/02\/mitzel1.jpg 685w\" sizes=\"(max-width: 225px) 100vw, 225px\"><\/noscript><img decoding=\"async\" class=\"alignnone size-medium wp-image-417 lazyload\" src=\"data:image\/svg+xml,%3Csvg%20xmlns%3D%22http%3A%2F%2Fwww.w3.org%2F2000%2Fsvg%22%20viewBox%3D%220%200%20225%20300%22%3E%3C%2Fsvg%3E\" alt width=\"225\" height=\"300\" srcset=\"data:image\/svg+xml,%3Csvg%20xmlns%3D%22http%3A%2F%2Fwww.w3.org%2F2000%2Fsvg%22%20viewBox%3D%220%200%20225%20300%22%3E%3C%2Fsvg%3E 225w\" sizes=\"(max-width: 225px) 100vw, 225px\" data-srcset=\"https:\/\/altriper-tracht.de\/wp-content\/uploads\/2021\/02\/mitzel1-225x300.jpg 225w, https:\/\/altriper-tracht.de\/wp-content\/uploads\/2021\/02\/mitzel1.jpg 685w\" data-src=\"\/wp-content\/uploads\/2021\/02\/mitzel1-225x300.jpg\"><\/p>\n<p><strong>Stoff:<\/strong> Mittelblaues Leinen&nbsp;&nbsp; <a href=\"\/?page_id=256\" target=\"_blank\" rel=\"noopener\"><strong>Details<\/strong><\/a><\/p>\n<p>&nbsp;<\/p>\n<h3><span style=\"color: #000080;\">Str\u00fcmpfe<\/span><\/h3>\n<p><noscript><img decoding=\"async\" class=\"alignnone size-medium wp-image-389\" src=\"\/wp-content\/uploads\/2021\/02\/Stumpf-e1613658982425-104x300.png\" alt width=\"104\" height=\"300\" srcset=\"https:\/\/altriper-tracht.de\/wp-content\/uploads\/2021\/02\/Stumpf-e1613658982425-104x300.png 104w, https:\/\/altriper-tracht.de\/wp-content\/uploads\/2021\/02\/Stumpf-e1613658982425.png 141w\" sizes=\"(max-width: 104px) 100vw, 104px\"><\/noscript><img decoding=\"async\" class=\"alignnone size-medium wp-image-389 lazyload\" src=\"data:image\/svg+xml,%3Csvg%20xmlns%3D%22http%3A%2F%2Fwww.w3.org%2F2000%2Fsvg%22%20viewBox%3D%220%200%20104%20300%22%3E%3C%2Fsvg%3E\" alt width=\"104\" height=\"300\" srcset=\"data:image\/svg+xml,%3Csvg%20xmlns%3D%22http%3A%2F%2Fwww.w3.org%2F2000%2Fsvg%22%20viewBox%3D%220%200%20104%20300%22%3E%3C%2Fsvg%3E 104w\" sizes=\"(max-width: 104px) 100vw, 104px\" data-srcset=\"https:\/\/altriper-tracht.de\/wp-content\/uploads\/2021\/02\/Stumpf-e1613658982425-104x300.png 104w, https:\/\/altriper-tracht.de\/wp-content\/uploads\/2021\/02\/Stumpf-e1613658982425.png 141w\" data-src=\"\/wp-content\/uploads\/2021\/02\/Stumpf-e1613658982425-104x300.png\"><\/p>\n<p><strong>Material:<\/strong> Wolle&nbsp;&nbsp;&nbsp; <a href=\"\/?page_id=259\" target=\"_blank\" rel=\"noopener\"><strong>Details<\/strong><\/a><\/p>\n<h3><span style=\"color: #000080;\">Schuhe<\/span><\/h3>\n<p><noscript><img decoding=\"async\" class=\"alignnone size-medium wp-image-429\" src=\"\/wp-content\/uploads\/2021\/02\/frauenschuhe-300x237.jpg\" alt width=\"300\" height=\"237\" srcset=\"https:\/\/altriper-tracht.de\/wp-content\/uploads\/2021\/02\/frauenschuhe-300x237.jpg 300w, https:\/\/altriper-tracht.de\/wp-content\/uploads\/2021\/02\/frauenschuhe-1024x809.jpg 1024w, https:\/\/altriper-tracht.de\/wp-content\/uploads\/2021\/02\/frauenschuhe-768x607.jpg 768w, https:\/\/altriper-tracht.de\/wp-content\/uploads\/2021\/02\/frauenschuhe.jpg 1432w\" sizes=\"(max-width: 300px) 100vw, 300px\"><\/noscript><img decoding=\"async\" class=\"alignnone size-medium wp-image-429 lazyload\" src=\"data:image\/svg+xml,%3Csvg%20xmlns%3D%22http%3A%2F%2Fwww.w3.org%2F2000%2Fsvg%22%20viewBox%3D%220%200%20300%20237%22%3E%3C%2Fsvg%3E\" alt width=\"300\" height=\"237\" srcset=\"data:image\/svg+xml,%3Csvg%20xmlns%3D%22http%3A%2F%2Fwww.w3.org%2F2000%2Fsvg%22%20viewBox%3D%220%200%20300%20237%22%3E%3C%2Fsvg%3E 300w\" sizes=\"(max-width: 300px) 100vw, 300px\" data-srcset=\"https:\/\/altriper-tracht.de\/wp-content\/uploads\/2021\/02\/frauenschuhe-300x237.jpg 300w, https:\/\/altriper-tracht.de\/wp-content\/uploads\/2021\/02\/frauenschuhe-1024x809.jpg 1024w, https:\/\/altriper-tracht.de\/wp-content\/uploads\/2021\/02\/frauenschuhe-768x607.jpg 768w, https:\/\/altriper-tracht.de\/wp-content\/uploads\/2021\/02\/frauenschuhe.jpg 1432w\" data-src=\"\/wp-content\/uploads\/2021\/02\/frauenschuhe-300x237.jpg\"><\/p>\n<p><strong>Material:<\/strong> <span style=\"color: 000066;\">Leder, Metallschnallen&nbsp;&nbsp; <a href=\"\/?page_id=262\" target=\"_blank\" rel=\"noopener\"><strong>Details<\/strong><\/a><br>\n<\/span><\/p>\n<p>&nbsp;<\/p>\n<h3><span style=\"color: #000080;\"><strong>Schmuck<\/strong><\/span><\/h3>\n<p><noscript><img decoding=\"async\" class=\"alignnone size-medium wp-image-387\" src=\"\/wp-content\/uploads\/2021\/02\/samtband1-261x300.jpg\" alt width=\"261\" height=\"300\" srcset=\"https:\/\/altriper-tracht.de\/wp-content\/uploads\/2021\/02\/samtband1-261x300.jpg 261w, https:\/\/altriper-tracht.de\/wp-content\/uploads\/2021\/02\/samtband1.jpg 666w\" sizes=\"(max-width: 261px) 100vw, 261px\"><\/noscript><img decoding=\"async\" class=\"alignnone size-medium wp-image-387 lazyload\" src=\"data:image\/svg+xml,%3Csvg%20xmlns%3D%22http%3A%2F%2Fwww.w3.org%2F2000%2Fsvg%22%20viewBox%3D%220%200%20261%20300%22%3E%3C%2Fsvg%3E\" alt width=\"261\" height=\"300\" srcset=\"data:image\/svg+xml,%3Csvg%20xmlns%3D%22http%3A%2F%2Fwww.w3.org%2F2000%2Fsvg%22%20viewBox%3D%220%200%20261%20300%22%3E%3C%2Fsvg%3E 261w\" sizes=\"(max-width: 261px) 100vw, 261px\" data-srcset=\"https:\/\/altriper-tracht.de\/wp-content\/uploads\/2021\/02\/samtband1-261x300.jpg 261w, https:\/\/altriper-tracht.de\/wp-content\/uploads\/2021\/02\/samtband1.jpg 666w\" data-src=\"\/wp-content\/uploads\/2021\/02\/samtband1-261x300.jpg\"><\/p>\n<p>Einfaches, schwarzes Samtband.&nbsp;&nbsp; <a href=\"\/?page_id=265\" target=\"_blank\" rel=\"noopener\"><strong>Details<\/strong><\/a><\/p>\n<p>&nbsp;<\/p>\n<h3><span style=\"color: #000080;\">Haube<\/span><\/h3>\n<p><noscript><img decoding=\"async\" class=\"alignnone size-medium wp-image-445\" src=\"\/wp-content\/uploads\/2021\/02\/haube1-300x291.png\" alt width=\"300\" height=\"291\" srcset=\"https:\/\/altriper-tracht.de\/wp-content\/uploads\/2021\/02\/haube1-300x291.png 300w, https:\/\/altriper-tracht.de\/wp-content\/uploads\/2021\/02\/haube1.png 691w\" sizes=\"(max-width: 300px) 100vw, 300px\"><\/noscript><img decoding=\"async\" class=\"alignnone size-medium wp-image-445 lazyload\" src=\"data:image\/svg+xml,%3Csvg%20xmlns%3D%22http%3A%2F%2Fwww.w3.org%2F2000%2Fsvg%22%20viewBox%3D%220%200%20300%20291%22%3E%3C%2Fsvg%3E\" alt width=\"300\" height=\"291\" srcset=\"data:image\/svg+xml,%3Csvg%20xmlns%3D%22http%3A%2F%2Fwww.w3.org%2F2000%2Fsvg%22%20viewBox%3D%220%200%20300%20291%22%3E%3C%2Fsvg%3E 300w\" sizes=\"(max-width: 300px) 100vw, 300px\" data-srcset=\"https:\/\/altriper-tracht.de\/wp-content\/uploads\/2021\/02\/haube1-300x291.png 300w, https:\/\/altriper-tracht.de\/wp-content\/uploads\/2021\/02\/haube1.png 691w\" data-src=\"\/wp-content\/uploads\/2021\/02\/haube1-300x291.png\"><br>\n<strong>Stoff:<\/strong><\/p>\n<ul>\n<li><span style=\"color: 000066;\">\u00e9crufarbenen Seidenjaquard (gleicher Stoff wie der der Sch\u00fcrze)&nbsp; <a href=\"\/?page_id=268\" target=\"_blank\" rel=\"noopener\"><strong>Details<\/strong><\/a><br>\n<\/span><\/li>\n<\/ul>\n<p>&nbsp;<\/p>\n<h3><span style=\"color: #000080;\">Exkise-K\u00f6rbchen<\/span><\/h3>\n<p><noscript><img decoding=\"async\" src=\"https:\/\/up.picr.de\/40565981wd.jpg\" alt=\"Bild\" border=\"0\"><\/noscript><img decoding=\"async\" src=\"data:image\/gif;base64,R0lGODlhAQABAIAAAAAAAP\/\/\/yH5BAEAAAAALAAAAAABAAEAAAIBRAA7\" alt=\"Bild\" border=\"0\" data-src=\"https:\/\/up.picr.de\/40565981wd.jpg\" class=\" lazyload\"><noscript><img decoding=\"async\" class=\"alignnone size-full wp-image-383\" src=\"\/wp-content\/uploads\/2021\/02\/equise.jpg\" alt width=\"283\" height=\"235\"><\/noscript><img decoding=\"async\" class=\"alignnone size-full wp-image-383 lazyload\" src=\"data:image\/svg+xml,%3Csvg%20xmlns%3D%22http%3A%2F%2Fwww.w3.org%2F2000%2Fsvg%22%20viewBox%3D%220%200%20283%20235%22%3E%3C%2Fsvg%3E\" alt width=\"283\" height=\"235\" data-src=\"\/wp-content\/uploads\/2021\/02\/equise.jpg\"><\/p>\n<p><strong>Material:<\/strong> Korbflechterei. &nbsp; <a href=\"\/?page_id=271\" target=\"_blank\" rel=\"noopener\"><strong>Details<\/strong><\/a><\/p>\n<p><span style=\"color: #ffffff;\">Altrip, Pfalz, Kurpfalz, Deutschland<\/span><\/p>\n","protected":false},"excerpt":{"rendered":"<p>Hemd &nbsp; Stoff: wei\u00dfes Leinen&nbsp;&nbsp; Details Unterrock Stoff: mittelblaues Leinen&nbsp;&nbsp; Details Leibchen mit &#8222;Weiberspeck&#8220; &nbsp; Stoff: nachtblaues Leinen&nbsp; Details Rock Stoff:&nbsp; &#8222;Rass&#8220; &nbsp; &nbsp; &nbsp; &nbsp;&nbsp;Details Umbindetasche Stoff: wei\u00dfes Leinen&nbsp;&nbsp; Details Sch\u00fcrze Stoff: Seidenjaquard (\u00e9crufarben; kleine Streubl\u00fcmchen)&nbsp; Details Brusttuch Stoff: hellblauer Reinseidenjaquard mit gro\u00dfem Blumenmuster&nbsp;&nbsp; Details Mitzel \/ Jacke Stoff: Mittelblaues Leinen&nbsp;&nbsp; Details &nbsp; Str\u00fcmpfe&hellip; <\/p>\n<p> <a rel=\"bookmark\" class=\"read-more btn btn-primary\" href=\"https:\/\/altriper-tracht.de\/?page_id=56\">Weiterlesen<span class=\"screen-reader-text\"> bei Frauentracht <\/span>&raquo;<\/a><\/p>\n","protected":false},"author":2,"featured_media":0,"parent":0,"menu_order":0,"comment_status":"open","ping_status":"closed","template":"","meta":{"_crdt_document":"","footnotes":""},"class_list":["post-56","page","type-page","status-publish","hentry"],"_links":{"self":[{"href":"https:\/\/altriper-tracht.de\/index.php?rest_route=\/wp\/v2\/pages\/56","targetHints":{"allow":["GET"]}}],"collection":[{"href":"https:\/\/altriper-tracht.de\/index.php?rest_route=\/wp\/v2\/pages"}],"about":[{"href":"https:\/\/altriper-tracht.de\/index.php?rest_route=\/wp\/v2\/types\/page"}],"author":[{"embeddable":true,"href":"https:\/\/altriper-tracht.de\/index.php?rest_route=\/wp\/v2\/users\/2"}],"replies":[{"embeddable":true,"href":"https:\/\/altriper-tracht.de\/index.php?rest_route=%2Fwp%2Fv2%2Fcomments&post=56"}],"version-history":[{"count":53,"href":"https:\/\/altriper-tracht.de\/index.php?rest_route=\/wp\/v2\/pages\/56\/revisions"}],"predecessor-version":[{"id":1024,"href":"https:\/\/altriper-tracht.de\/index.php?rest_route=\/wp\/v2\/pages\/56\/revisions\/1024"}],"wp:attachment":[{"href":"https:\/\/altriper-tracht.de\/index.php?rest_route=%2Fwp%2Fv2%2Fmedia&parent=56"}],"curies":[{"name":"wp","href":"https:\/\/api.w.org\/{rel}","templated":true}]}}