{"id":38,"date":"2021-02-16T07:06:43","date_gmt":"2021-02-16T07:06:43","guid":{"rendered":"https:\/\/trachtdev.private-cloud.network\/?page_id=38"},"modified":"2022-08-10T22:35:44","modified_gmt":"2022-08-10T22:35:44","slug":"links","status":"publish","type":"page","link":"https:\/\/altriper-tracht.de\/?page_id=38","title":{"rendered":"Links"},"content":{"rendered":"<p>&nbsp;<\/p>\n<ul>\n<li><a href=\"https:\/\/www.vg-rheinauen.de\/vg_rheinauen\/Ortsgemeinden\/Altrip\/\" target=\"_blank\" rel=\"noopener\">Gemeinde Altrip<\/a><\/li>\n<li><a href=\"http:\/\/www.hgv-altrip.de\/\" target=\"_blank\" rel=\"noopener\">Heimat- und Geschichtsverein Altrip<\/a><\/li>\n<li><a href=\"http:\/\/www.tracht-altrip.de\/#x\" target=\"_blank\" rel=\"noopener\">Trachtengruppe Altrip<\/a><\/li>\n<li><a href=\"https:\/\/www.youtube.com\/watch?v=0elang-wInU\" target=\"_blank\" rel=\"noopener\">Modenschau Altriper Tracht 19.01.2007(Film)<\/a><\/li>\n<li><a href=\"http:\/\/www.hgv-altrip.de\/index.php\/service\/downloadbereich\/category\/7-die-altriper-tracht.html?download=98:eine-praesentation-der-modenschau-der-altriper-tracht-pdf\" target=\"_blank\" rel=\"noopener\">Modenschau Altriper Tracht 19.01.2007 (Pr\u00e4sentation)<\/a><\/li>\n<\/ul>\n<hr \/>\n<ul>\n<li><a href=\"https:\/\/www.deutscher-trachtenverband.de\/\" target=\"_blank\" rel=\"noopener\">Deutscher Trachtenverband<\/a><\/li>\n<li><a href=\"http:\/\/www.trachtenverband-bw.de\/\" target=\"_blank\" rel=\"noopener\">Trachtenverband Baden-W\u00fcrttemberg<\/a><\/li>\n<li><a href=\"https:\/\/www.trachten-informationszentrum.de\/index.php?nav_id=start\">Trachteninformationszentrum<\/a><\/li>\n<li><a href=\"https:\/\/trachten.bezirk-schwaben.de\/media\/5622\/bezugsquellen-stand-2019_12.pdf\" target=\"_blank\" rel=\"noopener\">Bezugsquellen f\u00fcr Trachtenstoffe und Zubeh\u00f6r Trachtenkultur-Beratung Bezirk \u00a0Schwaben<\/a><\/li>\n<li><a href=\"https:\/\/www.greding.de\/trachtenmarkt\/\" target=\"_blank\" rel=\"noopener\">Gredinger Trachtenmarkt<\/a><\/li>\n<\/ul>\n<hr \/>\n<ul>\n<li><a href=\"https:\/\/www.projekt-gutenberg.org\/beckera\/nonnesus\/titlepage.html\" target=\"_blank\" rel=\"noopener\">\u201e<b>Die Nonnensusel\u201c<\/b> \/ August Becker &#8211; ein Bauernroman mit Trachtenbeschreibungen aus dem Pf\u00e4lzischen Wasgau, 1886, ver\u00f6ffentlich auf dem \u201eProjekt Gutenberg\u201c<\/a><\/li>\n<\/ul>\n","protected":false},"excerpt":{"rendered":"<p>&nbsp; Gemeinde Altrip Heimat- und Geschichtsverein Altrip Trachtengruppe Altrip Modenschau Altriper Tracht 19.01.2007(Film) Modenschau Altriper Tracht 19.01.2007 (Pr\u00e4sentation) Deutscher Trachtenverband Trachtenverband Baden-W\u00fcrttemberg Trachteninformationszentrum Bezugsquellen f\u00fcr Trachtenstoffe und Zubeh\u00f6r Trachtenkultur-Beratung Bezirk \u00a0Schwaben Gredinger Trachtenmarkt \u201eDie Nonnensusel\u201c \/ August Becker &#8211; ein Bauernroman mit Trachtenbeschreibungen aus dem Pf\u00e4lzischen Wasgau, 1886, ver\u00f6ffentlich auf dem \u201eProjekt Gutenberg\u201c<\/p>\n","protected":false},"author":2,"featured_media":0,"parent":0,"menu_order":0,"comment_status":"open","ping_status":"closed","template":"","meta":{"_crdt_document":"","footnotes":""},"class_list":["post-38","page","type-page","status-publish","hentry"],"_links":{"self":[{"href":"https:\/\/altriper-tracht.de\/index.php?rest_route=\/wp\/v2\/pages\/38","targetHints":{"allow":["GET"]}}],"collection":[{"href":"https:\/\/altriper-tracht.de\/index.php?rest_route=\/wp\/v2\/pages"}],"about":[{"href":"https:\/\/altriper-tracht.de\/index.php?rest_route=\/wp\/v2\/types\/page"}],"author":[{"embeddable":true,"href":"https:\/\/altriper-tracht.de\/index.php?rest_route=\/wp\/v2\/users\/2"}],"replies":[{"embeddable":true,"href":"https:\/\/altriper-tracht.de\/index.php?rest_route=%2Fwp%2Fv2%2Fcomments&post=38"}],"version-history":[{"count":12,"href":"https:\/\/altriper-tracht.de\/index.php?rest_route=\/wp\/v2\/pages\/38\/revisions"}],"predecessor-version":[{"id":1153,"href":"https:\/\/altriper-tracht.de\/index.php?rest_route=\/wp\/v2\/pages\/38\/revisions\/1153"}],"wp:attachment":[{"href":"https:\/\/altriper-tracht.de\/index.php?rest_route=%2Fwp%2Fv2%2Fmedia&parent=38"}],"curies":[{"name":"wp","href":"https:\/\/api.w.org\/{rel}","templated":true}]}}