{"id":32,"date":"2021-02-16T07:03:53","date_gmt":"2021-02-16T07:03:53","guid":{"rendered":"https:\/\/trachtdev.private-cloud.network\/?page_id=32"},"modified":"2024-06-17T06:12:30","modified_gmt":"2024-06-17T06:12:30","slug":"rekonstruktion","status":"publish","type":"page","link":"https:\/\/altriper-tracht.de\/?page_id=32","title":{"rendered":"Rekonstruktion"},"content":{"rendered":"<p><b><span style=\"color: #;\">Rekonstruktion<\/span><\/b><span style=\"color: 000066;\"> bedeutet die <b>&#8222;Wiederherstellung des urspr\u00fcnglichen Zustandes untergegangener oder nur in wenigen Teilen erhaltener Kulturdenkm\u00e4ler&#8220;<\/b> (so wie z.B. die Sprache, ist auch eine Bekleidungsform, in unserem Fall die Tracht, als &#8222;Kulturdenkmal&#8220; anzusehen).<\/span><\/p>\n<p>Die <b>Altriper Tracht<\/b> (eine pf\u00e4lzische Tracht, bzw. zu den Trachten der Pfalz geh\u00f6rend) ist tats\u00e4chlich ein &#8222;untergegangenes Kulturdenkmal&#8220;, denn wir haben nur wenige Hinweise. Wir konnten drei Fotos ausfindig machen und es existiert ein kurzer Text <span style=\"color: 000066;\">mit sehr rudiment\u00e4ren Angaben zur Altriper Tracht.<\/span><\/p>\n<p style=\"text-align: left;\" align=\"center\"><b><span style=\"color: 000066;\">Schriftliche Quelle:<br>\n<\/span><\/b><span style=\"color: 000066;\"><em>&#8222;&#8230;Interessanter war die Tracht, die, obgleich sie sich im gro\u00dfen und Ganzen an diejenige der umliegenden D\u00f6rfer anlehnte, doch durch die erw\u00e4hnte Abgeschlossenheit des Dorfes l\u00e4nger erhielt und in ihrer Volkst\u00fcmlichkeit auch viel ausgepr\u00e4gter und exklusiver erschien. &#8222;<b>Mitzel&#8220; und armsdicke &#8222;W\u00f6rscht&#8220;<\/b> um die H\u00fcften, <b>&#8222;schimmerdaffete&#8220; Sch\u00fcrze<\/b> und die schmucke, besondere Art der Hauben waren charakteristische, zum Teil recht kleidsame Frauentrachten, namentlich war die <b>wei\u00dfe Bauernhaube mit fliegenden, langen Seidenb\u00e4ndern, wertvollen wei\u00dfen Spitzen<\/b> ein reiches und sch\u00f6nes Kleidungsst\u00fcck;&#8230; Am typischsten waren die Altriper Fischer. Wer sie so dastehen sah in ihren malerischen, <b>reichfaltigen schweren M\u00e4nteln, den Dreispitz oder den zerdr\u00fcckten breitkr\u00e4mpigen Hut<\/b> auf dem Kopf, den &#8222;Fisch=Hamme&#8220; auf den Schultern,&#8230; dem lacht noch heute das Herz im Leibe vor Freude an diesem wackeren, urw\u00fcchsigen, gesunden Menschenschlage&#8220;.<\/em><br>\nProvo, Hermann: Altrip &#8211; eine kulturhistorische Studie, 1907 \/1910, S. 25<\/span><\/p>\n<p><strong>Die Bildquellen:<\/strong><\/p>\n<p><noscript><img decoding=\"async\" class=\"alignnone wp-image-469\" src=\"\/wp-content\/uploads\/2021\/02\/frau1.jpg\" alt width=\"222\" height=\"327\"><\/noscript><img decoding=\"async\" class=\"alignnone wp-image-469 lazyload\" src=\"data:image\/svg+xml,%3Csvg%20xmlns%3D%22http%3A%2F%2Fwww.w3.org%2F2000%2Fsvg%22%20viewBox%3D%220%200%20222%20327%22%3E%3C%2Fsvg%3E\" alt width=\"222\" height=\"327\" data-src=\"\/wp-content\/uploads\/2021\/02\/frau1.jpg\"><br>\n<em><span style=\"; font-family: Verdana, Arial, Helvetica, sans-serif; font-size: small;\">Maria Schweikert,geb. Baumann,<br>\n<b>Bild um 1860\/70<\/b><\/span><\/em><\/p>\n<p><noscript><img decoding=\"async\" class=\"alignnone size-full wp-image-466\" src=\"\/wp-content\/uploads\/2021\/02\/paarm.jpg\" alt width=\"221\" height=\"300\"><\/noscript><img decoding=\"async\" class=\"alignnone size-full wp-image-466 lazyload\" src=\"data:image\/svg+xml,%3Csvg%20xmlns%3D%22http%3A%2F%2Fwww.w3.org%2F2000%2Fsvg%22%20viewBox%3D%220%200%20221%20300%22%3E%3C%2Fsvg%3E\" alt width=\"221\" height=\"300\" data-src=\"\/wp-content\/uploads\/2021\/02\/paarm.jpg\"><br>\n<em><span style=\"font-family: Verdana, Arial, Helvetica, sans-serif; font-size: small;\">Eva Katharina Hornig, geb. Hornig<br>\nund Jakob Hornig III,<br>\n<b>Bild um 1870<\/b><\/span><\/em><\/p>\n<p><noscript><img decoding=\"async\" class=\"alignnone size-full wp-image-465\" src=\"\/wp-content\/uploads\/2021\/02\/paar-kopftuch.jpg\" alt width=\"300\" height=\"226\"><\/noscript><img decoding=\"async\" class=\"alignnone size-full wp-image-465 lazyload\" src=\"data:image\/svg+xml,%3Csvg%20xmlns%3D%22http%3A%2F%2Fwww.w3.org%2F2000%2Fsvg%22%20viewBox%3D%220%200%20300%20226%22%3E%3C%2Fsvg%3E\" alt width=\"300\" height=\"226\" data-src=\"\/wp-content\/uploads\/2021\/02\/paar-kopftuch.jpg\"><br>\n<em><b><span style=\"font-family: Verdana, Arial, Helvetica, sans-serif; font-size: small;\">Georg Hook, geb. 1816 <\/span><\/b><\/em><span style=\"font-family: Verdana, Arial, Helvetica, sans-serif; font-size: small;\"><em>und seine <\/em><br>\n<em><b>2. Frau Anna<\/b>, geb. Hornig, <b>geb. 1830<\/b><\/em><br>\n<em>(Dieses Bild ist f\u00fcr uns in v.a. wegen des <\/em><br>\n<em>Herrenmantels und des Halstuches <\/em><br>\n<em>des Mannes interessant).<\/em><\/span><\/p>\n<p><span style=\"color: 000066;\">Die Quellenlage l\u00e4\u00dft deutlich werden, dass anhand dieser eine Rekonstruktion aller Trachtenteile nicht m\u00f6glich gewesen w\u00e4re.<\/span><\/p>\n<p><noscript><img decoding=\"async\" class=\"size-medium wp-image-471 alignright\" src=\"\/wp-content\/uploads\/2021\/02\/becker-buch-217x300.jpg\" alt width=\"217\" height=\"300\" srcset=\"https:\/\/altriper-tracht.de\/wp-content\/uploads\/2021\/02\/becker-buch-217x300.jpg 217w, https:\/\/altriper-tracht.de\/wp-content\/uploads\/2021\/02\/becker-buch.jpg 427w\" sizes=\"(max-width: 217px) 100vw, 217px\"><\/noscript><img decoding=\"async\" class=\"size-medium wp-image-471 alignright lazyload\" src=\"data:image\/svg+xml,%3Csvg%20xmlns%3D%22http%3A%2F%2Fwww.w3.org%2F2000%2Fsvg%22%20viewBox%3D%220%200%20217%20300%22%3E%3C%2Fsvg%3E\" alt width=\"217\" height=\"300\" srcset=\"data:image\/svg+xml,%3Csvg%20xmlns%3D%22http%3A%2F%2Fwww.w3.org%2F2000%2Fsvg%22%20viewBox%3D%220%200%20217%20300%22%3E%3C%2Fsvg%3E 217w\" sizes=\"(max-width: 217px) 100vw, 217px\" data-srcset=\"https:\/\/altriper-tracht.de\/wp-content\/uploads\/2021\/02\/becker-buch-217x300.jpg 217w, https:\/\/altriper-tracht.de\/wp-content\/uploads\/2021\/02\/becker-buch.jpg 427w\" data-src=\"\/wp-content\/uploads\/2021\/02\/becker-buch-217x300.jpg\"><\/p>\n<p>Es gibt ein Trachtenbuch f\u00fcr die Pfalz, verfasst von&nbsp;<b>Karl-August-Becker<\/b> aus dem Jahr 1952.<\/p>\n<p><a href=\"http:\/\/www.rpb-rlp.de\/107t01022328\" target=\"_blank\" rel=\"noopener\">http:\/\/www.rpb-rlp.de\/107t01022328<\/a><\/p>\n<p>Dieses war f\u00fcr uns sehr wertvoll und lie\u00df uns neue Mosaiksteinchen aufst\u00f6bern:<\/p>\n<p><noscript><img decoding=\"async\" class=\"alignright\" src=\"https:\/\/up.picr.de\/40563426br.gif\" alt=\"Bild\" border=\"0\"><\/noscript><img decoding=\"async\" class=\"alignright lazyload\" src=\"data:image\/gif;base64,R0lGODlhAQABAIAAAAAAAP\/\/\/yH5BAEAAAAALAAAAAABAAEAAAIBRAA7\" alt=\"Bild\" border=\"0\" data-src=\"https:\/\/up.picr.de\/40563426br.gif\"><span style=\"color: #;\">Es f\u00fchrte uns zun\u00e4chst nach <b>Neuburg am Rhein<\/b>; ebenfalls ein protestantisches, von seiner Lage her sehr abgelegenes Fische<\/span><span style=\"color: #;\">rdorf, d<\/span><span style=\"color: #;\">as nach Becker, zum einen noch viele Originaltrachten besitzt, da bis in die 1960er Jahre hier Trachten getragen wurden und dessen <b>Leibchen<\/b> zum <\/span><span style=\"color: #;\">anderen auch ein <b>H\u00fcftpolster<\/b> hat; allerdings sind an dem Modell hier links die <\/span><span style=\"color: #;\">Sch\u00f6\u00dfchen ausgestopft, <\/span><span style=\"color: #;\">w\u00e4hrend wir uns nach Provos Beschreibung und nach Beratung durch <a href=\"http:\/\/www.atelier-hohl.de.\/\" target=\"_blank\" rel=\"noopener\"><b>J\u00fcrgen Hohl<\/b><\/a> zu einer sog. <em>&#8222;Leiwel-Worscht&#8220;<\/em> entschlossen. <em>(Rechts: Leibchen aus Neuburg mit ausgestopften Sch\u00f6\u00dfchen)<\/em><br>\n<\/span><\/p>\n<p><span style=\"color: 000066; font-family: Verdana, Arial, Helvetica, sans-serif; font-size: small;\">In dem Becker-Buch wird davon berichtet, dass im <b>Archiv des <a href=\"http:\/\/www.museum.speyer.de\/\" target=\"_blank\" rel=\"noopener\">Historischen Museums der Pfalz<\/a>, Speyer<\/b> einzelne Trachtenteile zu finden sind.<br>\n<\/span><\/p>\n<p><span style=\"color: 000066; font-family: Verdana, Arial, Helvetica, sans-serif; font-size: small;\">Dort fanden wir die beiden in unserer schriftlichen Quelle beschriebenen H\u00fcte:<\/span><\/p>\n<p><noscript><img decoding=\"async\" class=\"alignnone wp-image-461\" src=\"\/wp-content\/uploads\/2021\/02\/dreispitz.gif\" alt width=\"242\" height=\"190\"><\/noscript><img decoding=\"async\" class=\"alignnone wp-image-461 lazyload\" src=\"data:image\/svg+xml,%3Csvg%20xmlns%3D%22http%3A%2F%2Fwww.w3.org%2F2000%2Fsvg%22%20viewBox%3D%220%200%20242%20190%22%3E%3C%2Fsvg%3E\" alt width=\"242\" height=\"190\" data-src=\"\/wp-content\/uploads\/2021\/02\/dreispitz.gif\"><\/p>\n<p><span style=\"color: 000066; font-family: Verdana, Arial, Helvetica, sans-serif; font-size: small;\">den <b>Dreispitz<\/b>, der vielerorts und in den unterschiedlichsten Gegenden der Pfalz und dar\u00fcber hinaus getragen wurde,<\/span><\/p>\n<p><noscript><img decoding=\"async\" class=\"alignnone wp-image-464\" src=\"\/wp-content\/uploads\/2021\/02\/nebelspalter.gif\" alt width=\"256\" height=\"170\"><\/noscript><img decoding=\"async\" class=\"alignnone wp-image-464 lazyload\" src=\"data:image\/svg+xml,%3Csvg%20xmlns%3D%22http%3A%2F%2Fwww.w3.org%2F2000%2Fsvg%22%20viewBox%3D%220%200%20256%20170%22%3E%3C%2Fsvg%3E\" alt width=\"256\" height=\"170\" data-src=\"\/wp-content\/uploads\/2021\/02\/nebelspalter.gif\"><\/p>\n<p><span style=\"color: 000066; font-family: Verdana, Arial, Helvetica, sans-serif; font-size: small;\">und den <b>Nebelsegler<\/b>, urspr. ein Rund- oder Sch\u00e4ferhut (dieser war nicht hochge-krempt), der auf einer oder auf beiden Seiten mit B\u00e4ndern hochgekrempt war.<\/span><\/p>\n<p>Die im <b><a href=\"http:\/\/www.museum.speyer.de\/\" target=\"_blank\" rel=\"noopener\">Historischen Museums der Pfalz<\/a>,&nbsp; in Speyer <\/b>entdeckten M\u00e4nnerh\u00fcte dienten uns als <span style=\"color: 000066; font-family: Verdana, Arial, Helvetica, sans-serif; font-size: small;\">als Vorlage f\u00fcr die Anfertigung der M\u00e4nnerh\u00fcte der Altriper Tracht.<\/span><\/p>\n<p>Als Vorlage f\u00fcr das <strong>Gilet (M\u00e4nnerweste)<\/strong> diente uns ebenfalls ein Fundst\u00fcck aus dem Speyerer Archiv:<\/p>\n<p><noscript><img decoding=\"async\" class=\"alignnone size-full wp-image-460\" src=\"\/wp-content\/uploads\/2021\/02\/gillet1.gif\" alt width=\"150\" height=\"200\"><\/noscript><img decoding=\"async\" class=\"alignnone size-full wp-image-460 lazyload\" src=\"data:image\/svg+xml,%3Csvg%20xmlns%3D%22http%3A%2F%2Fwww.w3.org%2F2000%2Fsvg%22%20viewBox%3D%220%200%20150%20200%22%3E%3C%2Fsvg%3E\" alt width=\"150\" height=\"200\" data-src=\"\/wp-content\/uploads\/2021\/02\/gillet1.gif\"><\/p>\n<p>Ein altes Karmisol (Wams),<\/p>\n<p><noscript><img decoding=\"async\" class=\"alignnone wp-image-462\" src=\"\/wp-content\/uploads\/2021\/02\/kamisol.gif\" alt width=\"210\" height=\"280\"><\/noscript><img decoding=\"async\" class=\"alignnone wp-image-462 lazyload\" src=\"data:image\/svg+xml,%3Csvg%20xmlns%3D%22http%3A%2F%2Fwww.w3.org%2F2000%2Fsvg%22%20viewBox%3D%220%200%20210%20280%22%3E%3C%2Fsvg%3E\" alt width=\"210\" height=\"280\" data-src=\"\/wp-content\/uploads\/2021\/02\/kamisol.gif\"><\/p>\n<p>wie auch einen alten <strong>Mantel<\/strong> konnten wir dort in Augenschein nehmen.<\/p>\n<p><noscript><img decoding=\"async\" class=\"alignnone size-medium wp-image-458\" src=\"\/wp-content\/uploads\/2021\/02\/Mantel1-241x300.jpg\" alt width=\"241\" height=\"300\" srcset=\"https:\/\/altriper-tracht.de\/wp-content\/uploads\/2021\/02\/Mantel1-241x300.jpg 241w, https:\/\/altriper-tracht.de\/wp-content\/uploads\/2021\/02\/Mantel1.jpg 394w\" sizes=\"(max-width: 241px) 100vw, 241px\"><\/noscript><img decoding=\"async\" class=\"alignnone size-medium wp-image-458 lazyload\" src=\"data:image\/svg+xml,%3Csvg%20xmlns%3D%22http%3A%2F%2Fwww.w3.org%2F2000%2Fsvg%22%20viewBox%3D%220%200%20241%20300%22%3E%3C%2Fsvg%3E\" alt width=\"241\" height=\"300\" srcset=\"data:image\/svg+xml,%3Csvg%20xmlns%3D%22http%3A%2F%2Fwww.w3.org%2F2000%2Fsvg%22%20viewBox%3D%220%200%20241%20300%22%3E%3C%2Fsvg%3E 241w\" sizes=\"(max-width: 241px) 100vw, 241px\" data-srcset=\"https:\/\/altriper-tracht.de\/wp-content\/uploads\/2021\/02\/Mantel1-241x300.jpg 241w, https:\/\/altriper-tracht.de\/wp-content\/uploads\/2021\/02\/Mantel1.jpg 394w\" data-src=\"\/wp-content\/uploads\/2021\/02\/Mantel1-241x300.jpg\"><\/p>\n<p><noscript><img decoding=\"async\" class=\"alignnone wp-image-459\" src=\"\/wp-content\/uploads\/2021\/02\/Mantel2jpg-300x263.jpg\" alt width=\"242\" height=\"212\" srcset=\"https:\/\/altriper-tracht.de\/wp-content\/uploads\/2021\/02\/Mantel2jpg-300x263.jpg 300w, https:\/\/altriper-tracht.de\/wp-content\/uploads\/2021\/02\/Mantel2jpg.jpg 394w\" sizes=\"(max-width: 242px) 100vw, 242px\"><\/noscript><img decoding=\"async\" class=\"alignnone wp-image-459 lazyload\" src=\"data:image\/svg+xml,%3Csvg%20xmlns%3D%22http%3A%2F%2Fwww.w3.org%2F2000%2Fsvg%22%20viewBox%3D%220%200%20242%20212%22%3E%3C%2Fsvg%3E\" alt width=\"242\" height=\"212\" srcset=\"data:image\/svg+xml,%3Csvg%20xmlns%3D%22http%3A%2F%2Fwww.w3.org%2F2000%2Fsvg%22%20viewBox%3D%220%200%20242%20212%22%3E%3C%2Fsvg%3E 242w\" sizes=\"(max-width: 242px) 100vw, 242px\" data-srcset=\"https:\/\/altriper-tracht.de\/wp-content\/uploads\/2021\/02\/Mantel2jpg-300x263.jpg 300w, https:\/\/altriper-tracht.de\/wp-content\/uploads\/2021\/02\/Mantel2jpg.jpg 394w\" data-src=\"\/wp-content\/uploads\/2021\/02\/Mantel2jpg-300x263.jpg\"><\/p>\n<p>Er wies Mottenl\u00f6cher auf, ein f\u00fcr uns g\u00fcnstiger Umstand, weil so das &#8222;Innenleben&#8220;, eine Stabilisierung mit Rosshaar, erkennbar war.<\/p>\n<p><span style=\"color: 000066; font-family: Verdana, Arial, Helvetica, sans-serif; font-size: small;\">Ein weiteres, wichtiges Puzzleteil war eine einzige, im Archiv vorhandene <b>schwarze Haube<\/b> mit fliegenden langen B\u00e4ndern und Spitzenbesatz, die an die Beschreibung der Haube in der schriftlichen Quelle erinnerte. An ihr orientierten wir uns <\/span><span style=\"color: 000066; font-family: Verdana, Arial, Helvetica, sans-serif; font-size: small;\">in Machart und Material f\u00fcr unsere Haube.<\/span><\/p>\n<p><noscript><img decoding=\"async\" class=\"alignnone size-full wp-image-450\" src=\"\/wp-content\/uploads\/2021\/02\/haubesch.jpg\" alt width=\"150\" height=\"200\"><\/noscript><img decoding=\"async\" class=\"alignnone size-full wp-image-450 lazyload\" src=\"data:image\/svg+xml,%3Csvg%20xmlns%3D%22http%3A%2F%2Fwww.w3.org%2F2000%2Fsvg%22%20viewBox%3D%220%200%20150%20200%22%3E%3C%2Fsvg%3E\" alt width=\"150\" height=\"200\" data-src=\"\/wp-content\/uploads\/2021\/02\/haubesch.jpg\"><\/p>\n<p><span style=\"color: 000066; font-family: Verdana, Arial, Helvetica, sans-serif; font-size: small;\">Au\u00dferdem finden sich im Archiv des Speyrer Landesmusuems noch etliche, mit kleinsten Perlchen bestickte <b>Str\u00fcmpfe<\/b> und <b>Handschuhe<\/b>, <\/span><\/p>\n<p><noscript><img decoding=\"async\" class=\"alignnone size-full wp-image-467\" src=\"\/wp-content\/uploads\/2021\/02\/strumpf.jpg\" alt width=\"150\" height=\"200\"><\/noscript><img decoding=\"async\" class=\"alignnone size-full wp-image-467 lazyload\" src=\"data:image\/svg+xml,%3Csvg%20xmlns%3D%22http%3A%2F%2Fwww.w3.org%2F2000%2Fsvg%22%20viewBox%3D%220%200%20150%20200%22%3E%3C%2Fsvg%3E\" alt width=\"150\" height=\"200\" data-src=\"\/wp-content\/uploads\/2021\/02\/strumpf.jpg\"><\/p>\n<p><noscript><img decoding=\"async\" class=\"alignnone size-full wp-image-474\" src=\"\/wp-content\/uploads\/2021\/02\/handschuhe.jpg\" alt width=\"150\" height=\"200\"><\/noscript><img decoding=\"async\" class=\"alignnone size-full wp-image-474 lazyload\" src=\"data:image\/svg+xml,%3Csvg%20xmlns%3D%22http%3A%2F%2Fwww.w3.org%2F2000%2Fsvg%22%20viewBox%3D%220%200%20150%20200%22%3E%3C%2Fsvg%3E\" alt width=\"150\" height=\"200\" data-src=\"\/wp-content\/uploads\/2021\/02\/handschuhe.jpg\"><\/p>\n<p><span style=\"color: 000066; font-family: Verdana, Arial, Helvetica, sans-serif; font-size: small;\">sowie die <b>Umbindetaschen<\/b> (Einstecktaschen), die unter der Sch\u00fcrze getragen wurden und die wir uns f\u00fcr die Rekonstruktion der Altriper Tracht zum Vorbild nahmen:<\/span><\/p>\n<p><noscript><img decoding=\"async\" class=\"alignnone size-full wp-image-468\" src=\"\/wp-content\/uploads\/2021\/02\/tasche.jpg\" alt width=\"150\" height=\"200\"><\/noscript><img decoding=\"async\" class=\"alignnone size-full wp-image-468 lazyload\" src=\"data:image\/svg+xml,%3Csvg%20xmlns%3D%22http%3A%2F%2Fwww.w3.org%2F2000%2Fsvg%22%20viewBox%3D%220%200%20150%20200%22%3E%3C%2Fsvg%3E\" alt width=\"150\" height=\"200\" data-src=\"\/wp-content\/uploads\/2021\/02\/tasche.jpg\"><\/p>\n<p align=\"left\"><span style=\"color: 000066; font-family: Verdana, Arial, Helvetica, sans-serif; font-size: small;\">Viele Hinweise und Tipps bekamen wir auch von dem <strong>Trachtenexperten<\/strong> <b><a href=\"http:\/\/www.atelier-hohl.de.\/\" target=\"_blank\" rel=\"noopener\">J\u00fcrgen Hohl<\/a><\/b>, der nicht nur auf den schw\u00e4bisch-alemanischen Raum spezialisiert ist, sondern ein unersch\u00f6pfliches Wissen \u00fcber Trachten, bzw, &#8222;Volkskleidung&#8220; und ihre Geschichte auf Lager hat. <\/span><\/p>\n<p align=\"left\"><span style=\"color: 000066; font-family: Verdana, Arial, Helvetica, sans-serif; font-size: small;\">Wie man an diesem kurzen Abriss unserer Recherche bereits erkennt, war die <b>Rekonstruktion<\/b> der Altriper Tracht ein langes, \u00fcber drei Jahre (von 2000 bis 2003) dauerndes &#8211; <b>Zusammensuchen von Puzzleteilchen<\/b>.<br>\n<\/span>Das Ergebnis war das Ausstaffieren von zwei Schaufensterpuppen mit der rekonstruierten Altriper Tracht.<\/p>\n<p><noscript><img decoding=\"async\" class=\"alignnone size-medium wp-image-476\" src=\"https:\/\/altriper-tracht.de\/wp-content\/uploads\/2021\/02\/paar-210x300.png\" alt width=\"210\" height=\"300\" srcset=\"https:\/\/altriper-tracht.de\/wp-content\/uploads\/2021\/02\/paar-210x300.png 210w, https:\/\/altriper-tracht.de\/wp-content\/uploads\/2021\/02\/paar.png 461w\" sizes=\"(max-width: 210px) 100vw, 210px\"><\/noscript><img decoding=\"async\" class=\"alignnone size-medium wp-image-476 lazyload\" src=\"data:image\/svg+xml,%3Csvg%20xmlns%3D%22http%3A%2F%2Fwww.w3.org%2F2000%2Fsvg%22%20viewBox%3D%220%200%20210%20300%22%3E%3C%2Fsvg%3E\" alt width=\"210\" height=\"300\" srcset=\"data:image\/svg+xml,%3Csvg%20xmlns%3D%22http%3A%2F%2Fwww.w3.org%2F2000%2Fsvg%22%20viewBox%3D%220%200%20210%20300%22%3E%3C%2Fsvg%3E 210w\" sizes=\"(max-width: 210px) 100vw, 210px\" data-srcset=\"https:\/\/altriper-tracht.de\/wp-content\/uploads\/2021\/02\/paar-210x300.png 210w, https:\/\/altriper-tracht.de\/wp-content\/uploads\/2021\/02\/paar.png 461w\" data-src=\"https:\/\/altriper-tracht.de\/wp-content\/uploads\/2021\/02\/paar-210x300.png\"><\/p>\n<p align=\"left\"><span style=\"color: 000066; font-family: Verdana, Arial, Helvetica, sans-serif; font-size: small;\">Unsere Rekonstruktion haben wir ausf\u00fchrlich dokumentiert in der Schrift:<br>\n<a href=\"https:\/\/altriper-tracht.de\/wp-content\/uploads\/2024\/05\/Tracht-Druck-web-kl.pdf\" target=\"_blank\" rel=\"noopener\"><strong>Nebelsegler und Schlijenhauben<\/strong>.<\/a><br>\n<\/span><\/p>\n<p align=\"left\"><span style=\"color: #ffffff;\">Altrip, Pfalz, Kurpfalz, Deutschland<\/span><\/p>\n","protected":false},"excerpt":{"rendered":"<p>Rekonstruktion bedeutet die &#8222;Wiederherstellung des urspr\u00fcnglichen Zustandes untergegangener oder nur in wenigen Teilen erhaltener Kulturdenkm\u00e4ler&#8220; (so wie z.B. die Sprache, ist auch eine Bekleidungsform, in unserem Fall die Tracht, als &#8222;Kulturdenkmal&#8220; anzusehen). Die Altriper Tracht (eine pf\u00e4lzische Tracht, bzw. zu den Trachten der Pfalz geh\u00f6rend) ist tats\u00e4chlich ein &#8222;untergegangenes Kulturdenkmal&#8220;, denn wir haben nur wenige&hellip; <\/p>\n<p> <a rel=\"bookmark\" class=\"read-more btn btn-primary\" href=\"https:\/\/altriper-tracht.de\/?page_id=32\">Weiterlesen<span class=\"screen-reader-text\"> bei Rekonstruktion <\/span>&raquo;<\/a><\/p>\n","protected":false},"author":2,"featured_media":0,"parent":0,"menu_order":0,"comment_status":"open","ping_status":"closed","template":"","meta":{"_crdt_document":"","footnotes":""},"class_list":["post-32","page","type-page","status-publish","hentry"],"_links":{"self":[{"href":"https:\/\/altriper-tracht.de\/index.php?rest_route=\/wp\/v2\/pages\/32","targetHints":{"allow":["GET"]}}],"collection":[{"href":"https:\/\/altriper-tracht.de\/index.php?rest_route=\/wp\/v2\/pages"}],"about":[{"href":"https:\/\/altriper-tracht.de\/index.php?rest_route=\/wp\/v2\/types\/page"}],"author":[{"embeddable":true,"href":"https:\/\/altriper-tracht.de\/index.php?rest_route=\/wp\/v2\/users\/2"}],"replies":[{"embeddable":true,"href":"https:\/\/altriper-tracht.de\/index.php?rest_route=%2Fwp%2Fv2%2Fcomments&post=32"}],"version-history":[{"count":59,"href":"https:\/\/altriper-tracht.de\/index.php?rest_route=\/wp\/v2\/pages\/32\/revisions"}],"predecessor-version":[{"id":1247,"href":"https:\/\/altriper-tracht.de\/index.php?rest_route=\/wp\/v2\/pages\/32\/revisions\/1247"}],"wp:attachment":[{"href":"https:\/\/altriper-tracht.de\/index.php?rest_route=%2Fwp%2Fv2%2Fmedia&parent=32"}],"curies":[{"name":"wp","href":"https:\/\/api.w.org\/{rel}","templated":true}]}}