{"id":277,"date":"2021-02-18T09:11:25","date_gmt":"2021-02-18T09:11:25","guid":{"rendered":"https:\/\/trachtdev.private-cloud.network\/?page_id=277"},"modified":"2021-03-07T15:00:17","modified_gmt":"2021-03-07T15:00:17","slug":"tuch","status":"publish","type":"page","link":"https:\/\/altriper-tracht.de\/?page_id=277","title":{"rendered":"Tuch"},"content":{"rendered":"<h3>Tuch<\/h3>\n<p><noscript><img decoding=\"async\" class=\"alignleft\" src=\"\/wp-content\/uploads\/2021\/02\/2019-08-27-11-30-02-1.png\" width=\"344\" height=\"180\"><\/noscript><img decoding=\"async\" class=\"alignleft lazyload\" src=\"data:image\/svg+xml,%3Csvg%20xmlns%3D%22http%3A%2F%2Fwww.w3.org%2F2000%2Fsvg%22%20viewBox%3D%220%200%20344%20180%22%3E%3C%2Fsvg%3E\" width=\"344\" height=\"180\" data-src=\"\/wp-content\/uploads\/2021\/02\/2019-08-27-11-30-02-1.png\"><\/p>\n<p>&nbsp;<\/p>\n<p>&nbsp;<\/p>\n<p><strong>Stoff:<\/strong> schwarze Seide (Rand rolliert)<br>\n<strong>Gr\u00f6\u00dfe:<\/strong> 65 x 65 cm<br>\n<strong>Schlie\u00dfe \/ Bindung:<\/strong> entweder durch Ring<\/p>\n<p>&nbsp;<\/p>\n<p>&nbsp;<\/p>\n<p>oder mit einem <b>&#8222;quadratischen Knoten&#8220;<\/b> &#8211; dieser ist \u00fcber eine unserer Bildquellen belegt.<\/p>\n<p>&nbsp;<\/p>\n<p><noscript><img decoding=\"async\" class=\"alignleft\" src=\"\/wp-content\/uploads\/2021\/02\/31.jpg\" width=\"176\" height=\"279\" border=\"0\"><\/noscript><img decoding=\"async\" class=\"alignleft lazyload\" src=\"data:image\/svg+xml,%3Csvg%20xmlns%3D%22http%3A%2F%2Fwww.w3.org%2F2000%2Fsvg%22%20viewBox%3D%220%200%20176%20279%22%3E%3C%2Fsvg%3E\" width=\"176\" height=\"279\" border=\"0\" data-src=\"\/wp-content\/uploads\/2021\/02\/31.jpg\"><\/p>\n<p>&nbsp;<\/p>\n<p>&nbsp;<\/p>\n<p>Der <strong><a href=\"http:\/\/www.tasaram.de\/binden-basis.html\" target=\"_blank\" rel=\"noopener\">\u201equadratische Knoten\u201c<\/a><\/strong> ist ein Doppelknoten, der flach liegt.<br>\nDie beiden Knoten m\u00fcssen mit dem gleichen Ende gebundenwerden, damit in der Mitte der \u201eSteg\u201c entsteht.<\/p>\n","protected":false},"excerpt":{"rendered":"<p>Tuch &nbsp; &nbsp; Stoff: schwarze Seide (Rand rolliert) Gr\u00f6\u00dfe: 65 x 65 cm Schlie\u00dfe \/ Bindung: entweder durch Ring &nbsp; &nbsp; oder mit einem &#8222;quadratischen Knoten&#8220; &#8211; dieser ist \u00fcber eine unserer Bildquellen belegt. &nbsp; &nbsp; &nbsp; Der \u201equadratische Knoten\u201c ist ein Doppelknoten, der flach liegt. Die beiden Knoten m\u00fcssen mit dem gleichen Ende gebundenwerden,&hellip; <\/p>\n<p> <a rel=\"bookmark\" class=\"read-more btn btn-primary\" href=\"https:\/\/altriper-tracht.de\/?page_id=277\">Weiterlesen<span class=\"screen-reader-text\"> bei Tuch <\/span>&raquo;<\/a><\/p>\n","protected":false},"author":2,"featured_media":0,"parent":59,"menu_order":0,"comment_status":"open","ping_status":"closed","template":"","meta":{"_crdt_document":"","footnotes":""},"class_list":["post-277","page","type-page","status-publish","hentry"],"_links":{"self":[{"href":"https:\/\/altriper-tracht.de\/index.php?rest_route=\/wp\/v2\/pages\/277","targetHints":{"allow":["GET"]}}],"collection":[{"href":"https:\/\/altriper-tracht.de\/index.php?rest_route=\/wp\/v2\/pages"}],"about":[{"href":"https:\/\/altriper-tracht.de\/index.php?rest_route=\/wp\/v2\/types\/page"}],"author":[{"embeddable":true,"href":"https:\/\/altriper-tracht.de\/index.php?rest_route=\/wp\/v2\/users\/2"}],"replies":[{"embeddable":true,"href":"https:\/\/altriper-tracht.de\/index.php?rest_route=%2Fwp%2Fv2%2Fcomments&post=277"}],"version-history":[{"count":14,"href":"https:\/\/altriper-tracht.de\/index.php?rest_route=\/wp\/v2\/pages\/277\/revisions"}],"predecessor-version":[{"id":963,"href":"https:\/\/altriper-tracht.de\/index.php?rest_route=\/wp\/v2\/pages\/277\/revisions\/963"}],"up":[{"embeddable":true,"href":"https:\/\/altriper-tracht.de\/index.php?rest_route=\/wp\/v2\/pages\/59"}],"wp:attachment":[{"href":"https:\/\/altriper-tracht.de\/index.php?rest_route=%2Fwp%2Fv2%2Fmedia&parent=277"}],"curies":[{"name":"wp","href":"https:\/\/api.w.org\/{rel}","templated":true}]}}