{"id":274,"date":"2021-02-18T09:11:05","date_gmt":"2021-02-18T09:11:05","guid":{"rendered":"https:\/\/trachtdev.private-cloud.network\/?page_id=274"},"modified":"2021-03-07T14:57:38","modified_gmt":"2021-03-07T14:57:38","slug":"maennerhemd","status":"publish","type":"page","link":"https:\/\/altriper-tracht.de\/?page_id=274","title":{"rendered":"M\u00e4nnerhemd"},"content":{"rendered":"<h3>Hemd<\/h3>\n<p><noscript><img decoding=\"async\" class=\"alignnone\" src=\"\/wp-content\/uploads\/2021\/02\/19-08-20-14-19-49-0458.jpg\" width=\"279\" height=\"385\"><\/noscript><img decoding=\"async\" class=\"alignnone lazyload\" src=\"data:image\/svg+xml,%3Csvg%20xmlns%3D%22http%3A%2F%2Fwww.w3.org%2F2000%2Fsvg%22%20viewBox%3D%220%200%20279%20385%22%3E%3C%2Fsvg%3E\" width=\"279\" height=\"385\" data-src=\"\/wp-content\/uploads\/2021\/02\/19-08-20-14-19-49-0458.jpg\"><\/p>\n<p>&nbsp;<\/p>\n<p><strong>Stoff:<\/strong> wei\u00dfes Leinen<\/p>\n<p><strong>Schnitt:<\/strong><\/p>\n<ul>\n<li>schulterbreites Leinen (Webstuhlbreite; wie beim Frauenhemd)<\/li>\n<li>Vorder- und R\u00fcckenteil aus einem St\u00fcck<\/li>\n<li>L\u00e4nge: Knielang<\/li>\n<li>Weite: durch Einsetzen von Keilen<\/li>\n<li>ohne Schulternaht<\/li>\n<li>24 cm tiefer Schlitz, schmal rouliert<\/li>\n<li>Kragen: fest angen\u00e4ht<\/li>\n<li>Achselweite durch Einsetzen von Quadraten<\/li>\n<\/ul>\n<p><noscript><img decoding=\"async\" class=\"alignnone size-medium wp-image-381\" src=\"\/wp-content\/uploads\/2021\/02\/schnitt-hemd-236x300.jpg\" alt width=\"236\" height=\"300\" srcset=\"https:\/\/altriper-tracht.de\/wp-content\/uploads\/2021\/02\/schnitt-hemd-236x300.jpg 236w, https:\/\/altriper-tracht.de\/wp-content\/uploads\/2021\/02\/schnitt-hemd-805x1024.jpg 805w, https:\/\/altriper-tracht.de\/wp-content\/uploads\/2021\/02\/schnitt-hemd-768x977.jpg 768w, https:\/\/altriper-tracht.de\/wp-content\/uploads\/2021\/02\/schnitt-hemd.jpg 849w\" sizes=\"(max-width: 236px) 100vw, 236px\"><\/noscript><img decoding=\"async\" class=\"alignnone size-medium wp-image-381 lazyload\" src=\"data:image\/svg+xml,%3Csvg%20xmlns%3D%22http%3A%2F%2Fwww.w3.org%2F2000%2Fsvg%22%20viewBox%3D%220%200%20236%20300%22%3E%3C%2Fsvg%3E\" alt width=\"236\" height=\"300\" srcset=\"data:image\/svg+xml,%3Csvg%20xmlns%3D%22http%3A%2F%2Fwww.w3.org%2F2000%2Fsvg%22%20viewBox%3D%220%200%20236%20300%22%3E%3C%2Fsvg%3E 236w\" sizes=\"(max-width: 236px) 100vw, 236px\" data-srcset=\"https:\/\/altriper-tracht.de\/wp-content\/uploads\/2021\/02\/schnitt-hemd-236x300.jpg 236w, https:\/\/altriper-tracht.de\/wp-content\/uploads\/2021\/02\/schnitt-hemd-805x1024.jpg 805w, https:\/\/altriper-tracht.de\/wp-content\/uploads\/2021\/02\/schnitt-hemd-768x977.jpg 768w, https:\/\/altriper-tracht.de\/wp-content\/uploads\/2021\/02\/schnitt-hemd.jpg 849w\" data-src=\"\/wp-content\/uploads\/2021\/02\/schnitt-hemd-236x300.jpg\"><\/p>\n<p><strong>Ausschnitt:<\/strong>&nbsp; <span style=\"color: 000066;\">24 cm tiefer Schlitz, schmal rouliert<\/span><\/p>\n<p><strong>Halsausschnitt:<\/strong><\/p>\n<ul>\n<li><span style=\"color: 000066;\">an hinterer Mitte und Seitennaht eingezogen<\/span><\/li>\n<li><span style=\"color: 000066;\">mit Kragen besetzt<\/span><\/li>\n<\/ul>\n<p><strong>Kragen:<\/strong><\/p>\n<ul>\n<li><span style=\"color: 000066;\">fest angen\u00e4ht<\/span><\/li>\n<li><span style=\"color: 000066;\">unterschiedliche Kragenh\u00f6he: vorne 7 cm, hinten 3 cm<\/span><\/li>\n<\/ul>\n<p><strong>\u00c4rmel:<\/strong><\/p>\n<ul>\n<li><span style=\"color: 000066;\">lange \u00c4rmel<br>\n<\/span><\/li>\n<li><span style=\"color: 000066;\">Abschluss: Manschette (3cm breit) mit Knopf und Knopfloch<br>\n\u00c4rmelsaumweite durch Einziehen<br>\n<\/span><\/li>\n<li><span style=\"color: 000066;\">Achselweite durch Einsetzen von Quadrate<\/span><\/li>\n<\/ul>\n","protected":false},"excerpt":{"rendered":"<p>Hemd &nbsp; Stoff: wei\u00dfes Leinen Schnitt: schulterbreites Leinen (Webstuhlbreite; wie beim Frauenhemd) Vorder- und R\u00fcckenteil aus einem St\u00fcck L\u00e4nge: Knielang Weite: durch Einsetzen von Keilen ohne Schulternaht 24 cm tiefer Schlitz, schmal rouliert Kragen: fest angen\u00e4ht Achselweite durch Einsetzen von Quadraten Ausschnitt:&nbsp; 24 cm tiefer Schlitz, schmal rouliert Halsausschnitt: an hinterer Mitte und Seitennaht eingezogen&hellip; <\/p>\n<p> <a rel=\"bookmark\" class=\"read-more btn btn-primary\" href=\"https:\/\/altriper-tracht.de\/?page_id=274\">Weiterlesen<span class=\"screen-reader-text\"> bei M\u00e4nnerhemd <\/span>&raquo;<\/a><\/p>\n","protected":false},"author":2,"featured_media":0,"parent":59,"menu_order":0,"comment_status":"open","ping_status":"closed","template":"","meta":{"_crdt_document":"","footnotes":""},"class_list":["post-274","page","type-page","status-publish","hentry"],"_links":{"self":[{"href":"https:\/\/altriper-tracht.de\/index.php?rest_route=\/wp\/v2\/pages\/274","targetHints":{"allow":["GET"]}}],"collection":[{"href":"https:\/\/altriper-tracht.de\/index.php?rest_route=\/wp\/v2\/pages"}],"about":[{"href":"https:\/\/altriper-tracht.de\/index.php?rest_route=\/wp\/v2\/types\/page"}],"author":[{"embeddable":true,"href":"https:\/\/altriper-tracht.de\/index.php?rest_route=\/wp\/v2\/users\/2"}],"replies":[{"embeddable":true,"href":"https:\/\/altriper-tracht.de\/index.php?rest_route=%2Fwp%2Fv2%2Fcomments&post=274"}],"version-history":[{"count":9,"href":"https:\/\/altriper-tracht.de\/index.php?rest_route=\/wp\/v2\/pages\/274\/revisions"}],"predecessor-version":[{"id":962,"href":"https:\/\/altriper-tracht.de\/index.php?rest_route=\/wp\/v2\/pages\/274\/revisions\/962"}],"up":[{"embeddable":true,"href":"https:\/\/altriper-tracht.de\/index.php?rest_route=\/wp\/v2\/pages\/59"}],"wp:attachment":[{"href":"https:\/\/altriper-tracht.de\/index.php?rest_route=%2Fwp%2Fv2%2Fmedia&parent=274"}],"curies":[{"name":"wp","href":"https:\/\/api.w.org\/{rel}","templated":true}]}}