{"id":271,"date":"2021-02-18T09:10:24","date_gmt":"2021-02-18T09:10:24","guid":{"rendered":"https:\/\/trachtdev.private-cloud.network\/?page_id=271"},"modified":"2021-03-07T14:43:24","modified_gmt":"2021-03-07T14:43:24","slug":"exkisekoerbchen","status":"publish","type":"page","link":"https:\/\/altriper-tracht.de\/?page_id=271","title":{"rendered":"Exkisek\u00f6rbchen"},"content":{"rendered":"<p>&nbsp;<\/p>\n<h3>Exkisek\u00f6rbchen \/ Trachtenk\u00f6rbchen<\/h3>\n<p><noscript><img decoding=\"async\" class=\"alignnone size-full wp-image-383\" src=\"https:\/\/trachtdev.private-cloud.network\/wp-content\/uploads\/2021\/02\/equise.jpg\" alt width=\"283\" height=\"235\"><\/noscript><img decoding=\"async\" class=\"alignnone size-full wp-image-383 lazyload\" src=\"data:image\/svg+xml,%3Csvg%20xmlns%3D%22http%3A%2F%2Fwww.w3.org%2F2000%2Fsvg%22%20viewBox%3D%220%200%20283%20235%22%3E%3C%2Fsvg%3E\" alt width=\"283\" height=\"235\" data-src=\"https:\/\/trachtdev.private-cloud.network\/wp-content\/uploads\/2021\/02\/equise.jpg\"><\/p>\n<p><strong>Material:<\/strong> Korbflechterei<\/p>\n<p><strong>Farbe:<\/strong> mittel- und dunkelbraun<\/p>\n<p><strong>Verschluss:<\/strong> Eisen\u00f6se<\/p>\n<p><strong>Griff:<\/strong> Leder<\/p>\n<p>Die Abbildung zeigt ein Originalteil aus Altriper Best\u00e4nden mit der Beschriftung auf dem Boden: R\u00fcckertsbronn, anno 1900 -1910 &#8211; vielleicht hat die Besitzerin das K\u00f6rbchen in dieser Zeit dort erworben.<\/p>\n<p>Zu dem Exkise-K\u00f6rbchen schreibt Becker Folgendes: \u201eGing man \u00fcber Land &#8230; [trugen] die M\u00e4dchen am Arm ein kleines H\u00e4ngk\u00f6rbchen, das \u201eExkise-k\u00f6rbchen\u201c \u2013 von [frz.] excuser \u2013gewisserma\u00dfen zur Entschuldigung,<br>\nals Vorwand, dass man nicht unt\u00e4tig spazierenging, sondern Gesch\u00e4fte halber\u201c. Karl-August Becker, Die Volkstrachten in der Pfalz, S. 143<br>\n<a href=\"http:\/\/www.rpb-rlp.de\/107t01022328\" target=\"_blank\" rel=\"noopener\">http:\/\/www.rpb-rlp.de\/107t01022328<\/a><br>\nSo konnte man darin u.a. Stopfzeug, Strickzeug etc. finden.<\/p>\n","protected":false},"excerpt":{"rendered":"<p>&nbsp; Exkisek\u00f6rbchen \/ Trachtenk\u00f6rbchen Material: Korbflechterei Farbe: mittel- und dunkelbraun Verschluss: Eisen\u00f6se Griff: Leder Die Abbildung zeigt ein Originalteil aus Altriper Best\u00e4nden mit der Beschriftung auf dem Boden: R\u00fcckertsbronn, anno 1900 -1910 &#8211; vielleicht hat die Besitzerin das K\u00f6rbchen in dieser Zeit dort erworben. Zu dem Exkise-K\u00f6rbchen schreibt Becker Folgendes: \u201eGing man \u00fcber Land &#8230;&hellip; <\/p>\n<p> <a rel=\"bookmark\" class=\"read-more btn btn-primary\" href=\"https:\/\/altriper-tracht.de\/?page_id=271\">Weiterlesen<span class=\"screen-reader-text\"> bei Exkisek\u00f6rbchen <\/span>&raquo;<\/a><\/p>\n","protected":false},"author":2,"featured_media":0,"parent":56,"menu_order":0,"comment_status":"open","ping_status":"closed","template":"","meta":{"_crdt_document":"","footnotes":""},"class_list":["post-271","page","type-page","status-publish","hentry"],"_links":{"self":[{"href":"https:\/\/altriper-tracht.de\/index.php?rest_route=\/wp\/v2\/pages\/271","targetHints":{"allow":["GET"]}}],"collection":[{"href":"https:\/\/altriper-tracht.de\/index.php?rest_route=\/wp\/v2\/pages"}],"about":[{"href":"https:\/\/altriper-tracht.de\/index.php?rest_route=\/wp\/v2\/types\/page"}],"author":[{"embeddable":true,"href":"https:\/\/altriper-tracht.de\/index.php?rest_route=\/wp\/v2\/users\/2"}],"replies":[{"embeddable":true,"href":"https:\/\/altriper-tracht.de\/index.php?rest_route=%2Fwp%2Fv2%2Fcomments&post=271"}],"version-history":[{"count":7,"href":"https:\/\/altriper-tracht.de\/index.php?rest_route=\/wp\/v2\/pages\/271\/revisions"}],"predecessor-version":[{"id":906,"href":"https:\/\/altriper-tracht.de\/index.php?rest_route=\/wp\/v2\/pages\/271\/revisions\/906"}],"up":[{"embeddable":true,"href":"https:\/\/altriper-tracht.de\/index.php?rest_route=\/wp\/v2\/pages\/56"}],"wp:attachment":[{"href":"https:\/\/altriper-tracht.de\/index.php?rest_route=%2Fwp%2Fv2%2Fmedia&parent=271"}],"curies":[{"name":"wp","href":"https:\/\/api.w.org\/{rel}","templated":true}]}}