{"id":265,"date":"2021-02-18T09:09:17","date_gmt":"2021-02-18T09:09:17","guid":{"rendered":"https:\/\/trachtdev.private-cloud.network\/?page_id=265"},"modified":"2022-07-02T07:17:15","modified_gmt":"2022-07-02T07:17:15","slug":"schmuck","status":"publish","type":"page","link":"https:\/\/altriper-tracht.de\/?page_id=265","title":{"rendered":"Schmuck"},"content":{"rendered":"<p>&nbsp;<\/p>\n<h3>Schmuck<\/h3>\n<p>&nbsp;<\/p>\n<p><noscript><img decoding=\"async\" class=\"alignnone wp-image-387 size-medium\" src=\"https:\/\/altriper-tracht.de\/wp-content\/uploads\/2021\/02\/samtband1-261x300.jpg\" alt width=\"261\" height=\"300\" srcset=\"https:\/\/altriper-tracht.de\/wp-content\/uploads\/2021\/02\/samtband1-261x300.jpg 261w, https:\/\/altriper-tracht.de\/wp-content\/uploads\/2021\/02\/samtband1.jpg 666w\" sizes=\"(max-width: 261px) 100vw, 261px\"><\/noscript><img decoding=\"async\" class=\"alignnone wp-image-387 size-medium lazyload\" src=\"data:image\/svg+xml,%3Csvg%20xmlns%3D%22http%3A%2F%2Fwww.w3.org%2F2000%2Fsvg%22%20viewBox%3D%220%200%20261%20300%22%3E%3C%2Fsvg%3E\" alt width=\"261\" height=\"300\" srcset=\"data:image\/svg+xml,%3Csvg%20xmlns%3D%22http%3A%2F%2Fwww.w3.org%2F2000%2Fsvg%22%20viewBox%3D%220%200%20261%20300%22%3E%3C%2Fsvg%3E 261w\" sizes=\"(max-width: 261px) 100vw, 261px\" data-srcset=\"https:\/\/altriper-tracht.de\/wp-content\/uploads\/2021\/02\/samtband1-261x300.jpg 261w, https:\/\/altriper-tracht.de\/wp-content\/uploads\/2021\/02\/samtband1.jpg 666w\" data-src=\"https:\/\/altriper-tracht.de\/wp-content\/uploads\/2021\/02\/samtband1-261x300.jpg\"><\/p>\n<p>&nbsp;<\/p>\n<p><strong>Generell gilt f\u00fcr Pf\u00e4lzer Trachten:<\/strong><br>\n<span class=\"aCOpRe\">Die Trachten in der Pfalz (im Unterschied zu denen in Baden und im Elsass) fielen wohl grunds\u00e4tzlich durch ihre Einfachheit auf: \u201eKein auffallender Prunk, keine Gold- und Silberflitter, keine silbernen Geldst\u00fccke als Kn\u00f6pfe an dass R\u00f6cken und Westen, keine an silbernen Ketten h\u00e4ngende Schaum\u00fcnzen oder sonstiger auffallender Schmuck\u201c,: Herzog, Fritz: Die Tracht in der Pfalz, in: Pf\u00e4lzische Landeskunde, Beitr\u00e4ge zu Geographie,&nbsp;Biologie, Volkskunde und Geschichte, S. 465<br>\n<a href=\"http:\/\/www.rpb-rlp.de\/107t202067\" target=\"_blank\" rel=\"noopener\">http:\/\/www.rpb-rlp.de\/107t202067<\/a><\/span><\/p>\n<p>Und August Becker beschreibt in seinem Buch Volkstrachten in der Pfalz, dass oft der einzige Schmuck der Frauen ein vorwiegend schwarzes Samtband war, das mit \u00d6sen geschlossen oder mit einer Schleife gebunden wurde. Auch ein Anh\u00e4nger daran ist m\u00f6glich. Es handelt sich hier also um ein einfaches &#8222;Kropfband&#8220;.<br>\nZudem waren Korallenkettchen und Granatschmuck in Mode.<br>\nKarl August Becker, DieVolkstrachten in der Pfalz, S. 141<\/p>\n<p>&nbsp;<\/p>\n<hr>\n<style id=\"bwg-style-0\">    #bwg_container1_0 #bwg_container2_0 .bwg-container-0.bwg-standard-thumbnails {      width: 1254px;              justify-content: center;        margin:0 auto !important;              background-color: rgba(255, 255, 255, 0.00);            padding-left: 4px;      padding-top: 4px;      max-width: 100%;            }        #bwg_container1_0 #bwg_container2_0 .bwg-container-0.bwg-standard-thumbnails .bwg-item {    justify-content: flex-start;      max-width: 250px;          }    #bwg_container1_0 #bwg_container2_0 .bwg-container-0.bwg-standard-thumbnails .bwg-item a {       margin-right: 4px;       margin-bottom: 4px;    }    #bwg_container1_0 #bwg_container2_0 .bwg-container-0.bwg-standard-thumbnails .bwg-item0 {      padding: 0px;            background-color:rgba(0,0,0, 0.30);      border: 0px none #CCCCCC;      opacity: 1.00;      border-radius: 0;      box-shadow: ;    }    #bwg_container1_0 #bwg_container2_0 .bwg-container-0.bwg-standard-thumbnails .bwg-item1 img {      max-height: none;      max-width: none;      padding: 0 !important;    }         @media only screen and (min-width: 480px) {\t\t#bwg_container1_0 #bwg_container2_0 .bwg-container-0.bwg-standard-thumbnails .bwg-item1 img {\t\t\t-webkit-transition: all .3s; transition: all .3s;\t\t}\t\t#bwg_container1_0 #bwg_container2_0 .bwg-container-0.bwg-standard-thumbnails .bwg-item1 img:hover {\t\t\t-ms-transform: scale(1.08);\t\t\t-webkit-transform: scale(1.08);\t\t\ttransform: scale(1.08);\t\t}\t\t\t\t.bwg-standard-thumbnails .bwg-zoom-effect .bwg-zoom-effect-overlay {\t\t\t\t\t\tbackground-color:rgba(0,0,0, 0.3);\t\t}\t\t.bwg-standard-thumbnails .bwg-zoom-effect:hover img {\t\t\t-ms-transform: scale(1.08);\t\t\t-webkit-transform: scale(1.08);\t\t\ttransform: scale(1.08);\t\t}\t\t      }\t    #bwg_container1_0 #bwg_container2_0 .bwg-container-0.bwg-standard-thumbnails .bwg-item1 {      padding-top: 56%;    }        #bwg_container1_0 #bwg_container2_0 .bwg-container-0.bwg-standard-thumbnails .bwg-title1 {      position: absolute;      top: 0;      z-index: 100;      width: 100%;      height: 100%;      display: flex;      justify-content: center;      align-content: center;      flex-direction: column;      opacity: 0;    }\t      #bwg_container1_0 #bwg_container2_0 .bwg-container-0.bwg-standard-thumbnails .bwg-title2,    #bwg_container1_0 #bwg_container2_0 .bwg-container-0.bwg-standard-thumbnails .bwg-ecommerce2 {      color: #FFFFFF;      font-family: Ubuntu;      font-size: 16px;      font-weight: bold;      padding: 2px;      text-shadow: ;      max-height: 100%;    }    #bwg_container1_0 #bwg_container2_0 .bwg-container-0.bwg-standard-thumbnails .bwg-thumb-description span {    color: #323A45;    font-family: Ubuntu;    font-size: 12px;    max-height: 100%;    word-wrap: break-word;    }    #bwg_container1_0 #bwg_container2_0 .bwg-container-0.bwg-standard-thumbnails .bwg-play-icon2 {      font-size: 32px;    }    #bwg_container1_0 #bwg_container2_0 .bwg-container-0.bwg-standard-thumbnails .bwg-ecommerce2 {      font-size: 19.2px;      color: #323A45;    }    <\/style>    <div id=\"bwg_container1_0\" class=\"bwg_container bwg_thumbnail bwg_thumbnails \" data-right-click-protection=\"1\" data-bwg=\"0\" data-scroll=\"0\" data-gallery-type=\"thumbnails\" data-gallery-view-type=\"thumbnails\" data-current-url=\"\/index.php?rest_route=%2Fwp%2Fv2%2Fpages%2F265\" data-lightbox-url=\"https:\/\/altriper-tracht.de\/wp-admin\/admin-ajax.php?action=GalleryBox&#038;current_view=0&#038;gallery_id=27&#038;tag=0&#038;theme_id=1&#038;shortcode_id=61&#038;sort_by=order&#038;order_by=asc&#038;current_url=%2Findex.php%3Frest_route%3D%252Fwp%252Fv2%252Fpages%252F265\" data-gallery-id=\"27\" data-popup-width=\"800\" data-popup-height=\"500\" data-is-album=\"gallery\" data-buttons-position=\"bottom\">      <div id=\"bwg_container2_0\">             <div id=\"ajax_loading_0\" class=\"bwg_loading_div_1\">      <div class=\"bwg_loading_div_2\">        <div class=\"bwg_loading_div_3\">          <div id=\"loading_div_0\" class=\"bwg_spider_ajax_loading\">          <\/div>        <\/div>      <\/div>    <\/div>            <form id=\"gal_front_form_0\" class=\"bwg-hidden\" method=\"post\" action=\"#\" data-current=\"0\" data-shortcode-id=\"61\" data-gallery-type=\"thumbnails\" data-gallery-id=\"27\" data-tag=\"0\" data-album-id=\"0\" data-theme-id=\"1\" data-ajax-url=\"https:\/\/altriper-tracht.de\/wp-admin\/admin-ajax.php?action=bwg_frontend_data\">          <div id=\"bwg_container3_0\" class=\"bwg-background bwg-background-0\">                <div data-max-count=\"5\" data-thumbnail-width=\"250\" data-bwg=\"0\" data-gallery-id=\"27\" data-lightbox-url=\"https:\/\/altriper-tracht.de\/wp-admin\/admin-ajax.php?action=GalleryBox&amp;current_view=0&amp;gallery_id=27&amp;tag=0&amp;theme_id=1&amp;shortcode_id=61&amp;sort_by=order&amp;order_by=asc&amp;current_url=%2Findex.php%3Frest_route%3D%252Fwp%252Fv2%252Fpages%252F265\" id=\"bwg_thumbnails_0\" class=\"bwg-container-0 bwg-thumbnails bwg-standard-thumbnails bwg-container bwg-border-box\">            <div class=\"bwg-item\">        <a class=\"bwg-a  bwg_lightbox\" data-image-id=\"87\" href=\"https:\/\/altriper-tracht.de\/wp-content\/uploads\/photo-gallery\/imported_from_media_libray\/Kropfband-mit-Kette.jpg?bwg=1656746362\" data-elementor-open-lightbox=\"no\">                <div class=\"bwg-item0 \">          <div class=\"bwg-item1 bwg-zoom-effect\">            <div class=\"bwg-item2\">              <img decoding=\"async\" class=\"skip-lazy bwg_standart_thumb_img_0 \" data-id=\"87\" data-width=\"500.00\" data-height=\"195.18\" data-src=\"https:\/\/altriper-tracht.de\/wp-content\/uploads\/photo-gallery\/imported_from_media_libray\/thumb\/Kropfband-mit-Kette.jpg?bwg=1656746362\" src=\"https:\/\/altriper-tracht.de\/wp-content\/uploads\/photo-gallery\/imported_from_media_libray\/thumb\/Kropfband-mit-Kette.jpg?bwg=1656746362\" alt=\"Kropfband mit Kette\" title=\"Kropfband mit Kette\">            <\/div>            <div class=\"bwg-zoom-effect-overlay\">              <div class=\"bwg-title1\"><div class=\"bwg-title2\">Kropfband mit Kette<\/div><\/div>                                        <\/div>          <\/div>        <\/div>                        <\/a>              <\/div>            <div class=\"bwg-item\">        <a class=\"bwg-a  bwg_lightbox\" data-image-id=\"85\" href=\"https:\/\/altriper-tracht.de\/wp-content\/uploads\/photo-gallery\/imported_from_media_libray\/Kropfband-mit-Anhaenger.jpg?bwg=1656746031\" data-elementor-open-lightbox=\"no\">                <div class=\"bwg-item0 \">          <div class=\"bwg-item1 bwg-zoom-effect\">            <div class=\"bwg-item2\">              <img decoding=\"async\" class=\"skip-lazy bwg_standart_thumb_img_0 \" data-id=\"85\" data-width=\"500.00\" data-height=\"199.00\" data-src=\"https:\/\/altriper-tracht.de\/wp-content\/uploads\/photo-gallery\/imported_from_media_libray\/thumb\/Kropfband-mit-Anhaenger.jpg?bwg=1656746031\" src=\"https:\/\/altriper-tracht.de\/wp-content\/uploads\/photo-gallery\/imported_from_media_libray\/thumb\/Kropfband-mit-Anhaenger.jpg?bwg=1656746031\" alt=\"Kropfband mit Anh\u00e4nger\" title=\"Kropfband mit Anh\u00e4nger\">            <\/div>            <div class=\"bwg-zoom-effect-overlay\">              <div class=\"bwg-title1\"><div class=\"bwg-title2\">Kropfband mit Anh\u00e4nger<\/div><\/div>                                        <\/div>          <\/div>        <\/div>                        <\/a>              <\/div>            <div class=\"bwg-item\">        <a class=\"bwg-a  bwg_lightbox\" data-image-id=\"83\" href=\"https:\/\/altriper-tracht.de\/wp-content\/uploads\/photo-gallery\/imported_from_media_libray\/Kette-aus-Granatschmuck.jpg?bwg=1656745689\" data-elementor-open-lightbox=\"no\">                <div class=\"bwg-item0 \">          <div class=\"bwg-item1 bwg-zoom-effect\">            <div class=\"bwg-item2\">              <img decoding=\"async\" class=\"skip-lazy bwg_standart_thumb_img_0 \" data-id=\"83\" data-width=\"500.00\" data-height=\"278.00\" data-src=\"https:\/\/altriper-tracht.de\/wp-content\/uploads\/photo-gallery\/imported_from_media_libray\/thumb\/Kette-aus-Granatschmuck.jpg?bwg=1656745689\" src=\"https:\/\/altriper-tracht.de\/wp-content\/uploads\/photo-gallery\/imported_from_media_libray\/thumb\/Kette-aus-Granatschmuck.jpg?bwg=1656745689\" alt=\"Kette aus Granatschmuck\" title=\"Kette aus Granatschmuck\">            <\/div>            <div class=\"bwg-zoom-effect-overlay\">              <div class=\"bwg-title1\"><div class=\"bwg-title2\">Kette aus Granatschmuck<\/div><\/div>                                        <\/div>          <\/div>        <\/div>                        <\/a>              <\/div>          <\/div>    <style>      \/*pagination styles*\/      #bwg_container1_0 #bwg_container2_0 .tablenav-pages_0 {\t\t\t\ttext-align: center;\t\t\t\tfont-size: 12px;\t\t\t\tfont-family: Ubuntu;\t\t\t\tfont-weight: bold;\t\t\t\tcolor: #666666;\t\t\t\tmargin: 6px 0 4px;\t\t\t\tdisplay: block;      }      @media only screen and (max-width : 320px) {      #bwg_container1_0 #bwg_container2_0 .displaying-num_0 {     \t display: none;      }      }      #bwg_container1_0 #bwg_container2_0 .displaying-num_0 {\t\t\t\tfont-size: 12px;\t\t\t\tfont-family: Ubuntu;\t\t\t\tfont-weight: bold;\t\t\t\tcolor: #666666;\t\t\t\tmargin-right: 10px;\t\t\t\tvertical-align: middle;      }      #bwg_container1_0 #bwg_container2_0 .paging-input_0 {\t\t\t\tfont-size: 12px;\t\t\t\tfont-family: Ubuntu;\t\t\t\tfont-weight: bold;\t\t\t\tcolor: #666666;\t\t\t\tvertical-align: middle;      }      #bwg_container1_0 #bwg_container2_0 .tablenav-pages_0 a.disabled,      #bwg_container1_0 #bwg_container2_0 .tablenav-pages_0 a.disabled:hover,      #bwg_container1_0 #bwg_container2_0 .tablenav-pages_0 a.disabled:focus,\t\t\t#bwg_container1_0 #bwg_container2_0 .tablenav-pages_0 input.bwg_current_page {\t\t\t\tcursor: default;\t\t\t\tcolor: rgba(102, 102, 102, 0.5);      }      #bwg_container1_0 #bwg_container2_0 .tablenav-pages_0 a,      #bwg_container1_0 #bwg_container2_0 .tablenav-pages_0 input.bwg_current_page {\t\t\t\tcursor: pointer;\t\t\t\ttext-align: center;\t\t\t\tfont-size: 12px;\t\t\t\tfont-family: Ubuntu;\t\t\t\tfont-weight: bold;\t\t\t\tcolor: #666666;\t\t\t\ttext-decoration: none;\t\t\t\tpadding: 3px 6px;\t\t\t\tmargin: 0;\t\t\t\tborder-radius: 0;\t\t\t\tborder-style: solid;\t\t\t\tborder-width: 1px;\t\t\t\tborder-color: #E3E3E3;\t\t\t\t\t\t\t\tbackground-color: rgba(255, 255, 255, 1.00);\t\t\t\tbox-shadow: 0;\t\t\t\ttransition: all 0.3s ease 0s;-webkit-transition: all 0.3s ease 0s;      }      <\/style>      <span class=\"bwg_nav_cont_0\">              <div class=\"tablenav-pages_0\">                  <\/div>                <input type=\"hidden\" id=\"page_number_0\" name=\"page_number_0\" value=\"1\">      <script type=\"text\/javascript\">        if( jQuery('.bwg_nav_cont_0').length > 1 ) {          jQuery('.bwg_nav_cont_0').first().remove()        }        function spider_page_0(cur, x, y, load_more) {          if (typeof load_more == \"undefined\") {            var load_more = false;          }          if (jQuery(cur).hasClass('disabled')) {            return false;          }          var items_county_0 = 1;          switch (y) {            case 1:              if (x >= items_county_0) {                document.getElementById('page_number_0').value = items_county_0;              }              else {                document.getElementById('page_number_0').value = x + 1;              }              break;            case 2:              document.getElementById('page_number_0').value = items_county_0;              break;            case -1:              if (x == 1) {                document.getElementById('page_number_0').value = 1;              }              else {                document.getElementById('page_number_0').value = x - 1;              }              break;            case -2:              document.getElementById('page_number_0').value = 1;              break;\t\t\t\t\t\tcase 0:              document.getElementById('page_number_0').value = x;              break;            default:              document.getElementById('page_number_0').value = 1;          }          bwg_ajax('gal_front_form_0', '0', 'bwg_thumbnails_0', '0', '', 'gallery', 0, '', '', load_more, '', 1);        }                    jQuery('.first-page-0').on('click', function () {              spider_page_0(this, 1, -2, 'numeric');              return false;            });            jQuery('.prev-page-0').on('click', function () {              spider_page_0(this, 1, -1, 'numeric');              return false;            });            jQuery('.next-page-0').on('click', function () {              spider_page_0(this, 1, 1, 'numeric');              return false;            });            jQuery('.last-page-0').on('click', function () {              spider_page_0(this, 1, 2, 'numeric');              return false;            });        \t\t\t\t\/* Change page on input enter. *\/        function bwg_change_page_0( e, that ) {          if (  e.key == 'Enter' ) {            var to_page = parseInt(jQuery(that).val());            var pages_count = jQuery(that).parents(\".pagination-links\").data(\"pages-count\");            var current_url_param = jQuery(that).attr('data-url-info');            if (to_page > pages_count) {              to_page = 1;            }\t \t\t\t\t\t\t\t\t\t\t\t\tspider_page_0(this, to_page, 0, 'numeric');\t\t\t\t\t\t\treturn false;\t\t\t\t\t\t          }          return true;        }        jQuery('.bwg_load_btn_0').on('click', function () {            spider_page_0(this, 1, 1, true);            return false;        });      <\/script>      <\/span>                <\/div>        <\/form>        <style>          #bwg_container1_0 #bwg_container2_0 #spider_popup_overlay_0 {          background-color: #EEEEEE;          opacity: 0.60;          }          <\/style>        <div id=\"bwg_spider_popup_loading_0\" class=\"bwg_spider_popup_loading\"><\/div>        <div id=\"spider_popup_overlay_0\" class=\"spider_popup_overlay\" onclick=\"spider_destroypopup(1000)\"><\/div>        <input type=\"hidden\" id=\"bwg_random_seed_0\" value=\"863038273\">                <\/div>    <\/div>    <script>      if (document.readyState === 'complete') {        if( typeof bwg_main_ready == 'function' ) {          if ( jQuery(\"#bwg_container1_0\").height() ) {            bwg_main_ready(jQuery(\"#bwg_container1_0\"));          }        }      } else {        document.addEventListener('DOMContentLoaded', function() {          if( typeof bwg_main_ready == 'function' ) {            if ( jQuery(\"#bwg_container1_0\").height() ) {             bwg_main_ready(jQuery(\"#bwg_container1_0\"));            }          }        });      }    <\/script>    \n","protected":false},"excerpt":{"rendered":"<p>&nbsp; Schmuck &nbsp; &nbsp; Generell gilt f\u00fcr Pf\u00e4lzer Trachten: Die Trachten in der Pfalz (im Unterschied zu denen in Baden und im Elsass) fielen wohl grunds\u00e4tzlich durch ihre Einfachheit auf: \u201eKein auffallender Prunk, keine Gold- und Silberflitter, keine silbernen Geldst\u00fccke als Kn\u00f6pfe an dass R\u00f6cken und Westen, keine an silbernen Ketten h\u00e4ngende Schaum\u00fcnzen oder sonstiger&hellip; <\/p>\n<p> <a rel=\"bookmark\" class=\"read-more btn btn-primary\" href=\"https:\/\/altriper-tracht.de\/?page_id=265\">Weiterlesen<span class=\"screen-reader-text\"> bei Schmuck <\/span>&raquo;<\/a><\/p>\n","protected":false},"author":2,"featured_media":0,"parent":56,"menu_order":0,"comment_status":"open","ping_status":"closed","template":"","meta":{"_crdt_document":"","footnotes":""},"class_list":["post-265","page","type-page","status-publish","hentry"],"_links":{"self":[{"href":"https:\/\/altriper-tracht.de\/index.php?rest_route=\/wp\/v2\/pages\/265","targetHints":{"allow":["GET"]}}],"collection":[{"href":"https:\/\/altriper-tracht.de\/index.php?rest_route=\/wp\/v2\/pages"}],"about":[{"href":"https:\/\/altriper-tracht.de\/index.php?rest_route=\/wp\/v2\/types\/page"}],"author":[{"embeddable":true,"href":"https:\/\/altriper-tracht.de\/index.php?rest_route=\/wp\/v2\/users\/2"}],"replies":[{"embeddable":true,"href":"https:\/\/altriper-tracht.de\/index.php?rest_route=%2Fwp%2Fv2%2Fcomments&post=265"}],"version-history":[{"count":22,"href":"https:\/\/altriper-tracht.de\/index.php?rest_route=\/wp\/v2\/pages\/265\/revisions"}],"predecessor-version":[{"id":1093,"href":"https:\/\/altriper-tracht.de\/index.php?rest_route=\/wp\/v2\/pages\/265\/revisions\/1093"}],"up":[{"embeddable":true,"href":"https:\/\/altriper-tracht.de\/index.php?rest_route=\/wp\/v2\/pages\/56"}],"wp:attachment":[{"href":"https:\/\/altriper-tracht.de\/index.php?rest_route=%2Fwp%2Fv2%2Fmedia&parent=265"}],"curies":[{"name":"wp","href":"https:\/\/api.w.org\/{rel}","templated":true}]}}