{"id":259,"date":"2021-02-18T09:08:18","date_gmt":"2021-02-18T09:08:18","guid":{"rendered":"https:\/\/trachtdev.private-cloud.network\/?page_id=259"},"modified":"2021-03-07T14:44:38","modified_gmt":"2021-03-07T14:44:38","slug":"struempfe","status":"publish","type":"page","link":"https:\/\/altriper-tracht.de\/?page_id=259","title":{"rendered":"Str\u00fcmpfe"},"content":{"rendered":"<p>&nbsp;<\/p>\n<h3>Str\u00fcmpfe<\/h3>\n<p><noscript><img decoding=\"async\" class=\"alignnone size-medium wp-image-389\" src=\"https:\/\/trachtdev.private-cloud.network\/wp-content\/uploads\/2021\/02\/Stumpf-e1613658982425-104x300.png\" alt width=\"104\" height=\"300\" srcset=\"https:\/\/altriper-tracht.de\/wp-content\/uploads\/2021\/02\/Stumpf-e1613658982425-104x300.png 104w, https:\/\/altriper-tracht.de\/wp-content\/uploads\/2021\/02\/Stumpf-e1613658982425.png 141w\" sizes=\"(max-width: 104px) 100vw, 104px\"><\/noscript><img decoding=\"async\" class=\"alignnone size-medium wp-image-389 lazyload\" src=\"data:image\/svg+xml,%3Csvg%20xmlns%3D%22http%3A%2F%2Fwww.w3.org%2F2000%2Fsvg%22%20viewBox%3D%220%200%20104%20300%22%3E%3C%2Fsvg%3E\" alt width=\"104\" height=\"300\" srcset=\"data:image\/svg+xml,%3Csvg%20xmlns%3D%22http%3A%2F%2Fwww.w3.org%2F2000%2Fsvg%22%20viewBox%3D%220%200%20104%20300%22%3E%3C%2Fsvg%3E 104w\" sizes=\"(max-width: 104px) 100vw, 104px\" data-srcset=\"https:\/\/altriper-tracht.de\/wp-content\/uploads\/2021\/02\/Stumpf-e1613658982425-104x300.png 104w, https:\/\/altriper-tracht.de\/wp-content\/uploads\/2021\/02\/Stumpf-e1613658982425.png 141w\" data-src=\"https:\/\/trachtdev.private-cloud.network\/wp-content\/uploads\/2021\/02\/Stumpf-e1613658982425-104x300.png\"><\/p>\n<p><strong>Material:<\/strong> Wolle&nbsp;&nbsp;&nbsp; Details<\/p>\n<p><strong>Farbe:<\/strong> wollwei\u00df<\/p>\n<p><strong>L\u00e4nge:<\/strong> bis \u00fcber das Knie, gehalten von einer Kordel<\/p>\n<p><strong>Verarbeitung:<\/strong> gestrickt, Zopfmuster<\/p>\n<hr>\n<p>Die Trachtentr\u00e4gerinnen heute tragen zwar wei\u00dfe, aber keine selbstgestrickten Str\u00fcmpfe mit einem gewissen Polyesteranteil, die dann nicht mehr gebunden werden m\u00fcssen.<\/p>\n<p>&nbsp;<\/p>\n<p>&nbsp;<\/p>\n<p>&nbsp;<\/p>\n<p>&nbsp;<\/p>\n","protected":false},"excerpt":{"rendered":"<p>&nbsp; Str\u00fcmpfe Material: Wolle&nbsp;&nbsp;&nbsp; Details Farbe: wollwei\u00df L\u00e4nge: bis \u00fcber das Knie, gehalten von einer Kordel Verarbeitung: gestrickt, Zopfmuster Die Trachtentr\u00e4gerinnen heute tragen zwar wei\u00dfe, aber keine selbstgestrickten Str\u00fcmpfe mit einem gewissen Polyesteranteil, die dann nicht mehr gebunden werden m\u00fcssen. &nbsp; &nbsp; &nbsp; &nbsp;<\/p>\n","protected":false},"author":2,"featured_media":0,"parent":56,"menu_order":0,"comment_status":"open","ping_status":"closed","template":"","meta":{"_crdt_document":"","footnotes":""},"class_list":["post-259","page","type-page","status-publish","hentry"],"_links":{"self":[{"href":"https:\/\/altriper-tracht.de\/index.php?rest_route=\/wp\/v2\/pages\/259","targetHints":{"allow":["GET"]}}],"collection":[{"href":"https:\/\/altriper-tracht.de\/index.php?rest_route=\/wp\/v2\/pages"}],"about":[{"href":"https:\/\/altriper-tracht.de\/index.php?rest_route=\/wp\/v2\/types\/page"}],"author":[{"embeddable":true,"href":"https:\/\/altriper-tracht.de\/index.php?rest_route=\/wp\/v2\/users\/2"}],"replies":[{"embeddable":true,"href":"https:\/\/altriper-tracht.de\/index.php?rest_route=%2Fwp%2Fv2%2Fcomments&post=259"}],"version-history":[{"count":8,"href":"https:\/\/altriper-tracht.de\/index.php?rest_route=\/wp\/v2\/pages\/259\/revisions"}],"predecessor-version":[{"id":902,"href":"https:\/\/altriper-tracht.de\/index.php?rest_route=\/wp\/v2\/pages\/259\/revisions\/902"}],"up":[{"embeddable":true,"href":"https:\/\/altriper-tracht.de\/index.php?rest_route=\/wp\/v2\/pages\/56"}],"wp:attachment":[{"href":"https:\/\/altriper-tracht.de\/index.php?rest_route=%2Fwp%2Fv2%2Fmedia&parent=259"}],"curies":[{"name":"wp","href":"https:\/\/api.w.org\/{rel}","templated":true}]}}