{"id":256,"date":"2021-02-18T09:07:39","date_gmt":"2021-02-18T09:07:39","guid":{"rendered":"https:\/\/trachtdev.private-cloud.network\/?page_id=256"},"modified":"2021-03-09T05:35:15","modified_gmt":"2021-03-09T05:35:15","slug":"mitzel-jacke","status":"publish","type":"page","link":"https:\/\/altriper-tracht.de\/?page_id=256","title":{"rendered":"Mitzel \/ S\u00e4ckchen"},"content":{"rendered":"<p>&nbsp;<\/p>\n<h3>Mitzel \/ S\u00e4ckchen<\/h3>\n<p>Das Mitzel ist der Versuch, die Jacke auf der einen Bildquelle nachzuarbeiten.<\/p>\n<p><noscript><img decoding=\"async\" class=\"alignnone wp-image-422\" src=\"\/wp-content\/uploads\/2021\/02\/mitzel-quelle.jpg\" alt width=\"224\" height=\"268\"><\/noscript><img decoding=\"async\" class=\"alignnone wp-image-422 lazyload\" src=\"data:image\/svg+xml,%3Csvg%20xmlns%3D%22http%3A%2F%2Fwww.w3.org%2F2000%2Fsvg%22%20viewBox%3D%220%200%20224%20268%22%3E%3C%2Fsvg%3E\" alt width=\"224\" height=\"268\" data-src=\"\/wp-content\/uploads\/2021\/02\/mitzel-quelle.jpg\"><\/p>\n<p><noscript><img decoding=\"async\" class=\"alignnone size-medium wp-image-417\" src=\"\/wp-content\/uploads\/2021\/02\/mitzel1-225x300.jpg\" alt width=\"225\" height=\"300\" srcset=\"https:\/\/altriper-tracht.de\/wp-content\/uploads\/2021\/02\/mitzel1-225x300.jpg 225w, https:\/\/altriper-tracht.de\/wp-content\/uploads\/2021\/02\/mitzel1.jpg 685w\" sizes=\"(max-width: 225px) 100vw, 225px\"><\/noscript><img decoding=\"async\" class=\"alignnone size-medium wp-image-417 lazyload\" src=\"data:image\/svg+xml,%3Csvg%20xmlns%3D%22http%3A%2F%2Fwww.w3.org%2F2000%2Fsvg%22%20viewBox%3D%220%200%20225%20300%22%3E%3C%2Fsvg%3E\" alt width=\"225\" height=\"300\" srcset=\"data:image\/svg+xml,%3Csvg%20xmlns%3D%22http%3A%2F%2Fwww.w3.org%2F2000%2Fsvg%22%20viewBox%3D%220%200%20225%20300%22%3E%3C%2Fsvg%3E 225w\" sizes=\"(max-width: 225px) 100vw, 225px\" data-srcset=\"https:\/\/altriper-tracht.de\/wp-content\/uploads\/2021\/02\/mitzel1-225x300.jpg 225w, https:\/\/altriper-tracht.de\/wp-content\/uploads\/2021\/02\/mitzel1.jpg 685w\" data-src=\"\/wp-content\/uploads\/2021\/02\/mitzel1-225x300.jpg\"><\/p>\n<p><strong>Stoff:<\/strong> dunkelblaues Leinen<\/p>\n<p><strong>Schnitt:<\/strong><\/p>\n<ul>\n<li><span style=\"color: 000066;\">ausgestellte Seitennaht<\/span><\/li>\n<li><span style=\"color: 000066;\">lose K\u00f6rperform<\/span><\/li>\n<li><span style=\"color: 000066;\">\u00fcberschnittene Schulter<\/span><\/li>\n<li><span style=\"color: 000066;\">Naht in der r\u00fcckw\u00e4rtigen Mitte<\/span><\/li>\n<li><span style=\"color: 000066;\">Einnaht\u00e4rmel<\/span><\/li>\n<li><span style=\"color: 000066;\">keine Abn\u00e4her in den Vorderteile<\/span><\/li>\n<\/ul>\n<p><strong>Verschluss:<\/strong><\/p>\n<p><noscript><img decoding=\"async\" class=\"alignnone wp-image-420\" src=\"\/wp-content\/uploads\/2021\/02\/knoepfe-e1613658814286-300x271.gif\" alt width=\"238\" height=\"215\"><\/noscript><img decoding=\"async\" class=\"alignnone wp-image-420 lazyload\" src=\"data:image\/svg+xml,%3Csvg%20xmlns%3D%22http%3A%2F%2Fwww.w3.org%2F2000%2Fsvg%22%20viewBox%3D%220%200%20238%20215%22%3E%3C%2Fsvg%3E\" alt width=\"238\" height=\"215\" data-src=\"\/wp-content\/uploads\/2021\/02\/knoepfe-e1613658814286-300x271.gif\"><\/p>\n<ul>\n<li><span style=\"color: 000066;\">vordere Mitte st\u00f6\u00dft an- einander mit unter- geschobener Knopfleiste<\/span><\/li>\n<li><span style=\"color: 000066;\">beidseitige knopfl\u00f6cher<\/span><\/li>\n<li><span style=\"color: 000066;\">&#8222;Manschettenknopfver-schluss&#8220;<br>\n<\/span><\/li>\n<\/ul>\n<p><span style=\"color: 000066;\"><b>Kn\u00f6pfe: <\/b>dunkelblaue Posamentenkn\u00f6pfe<\/span><\/p>\n<p><strong>Verzierung:<\/strong><\/p>\n<p><span style=\"color: 000066;\">2 parallell\u00e4ufende Samtb\u00e4nder (3 mm breite) an den vorderen Kanten, Halsausschnitt, Saumkanten, \u00c4rmelsaum<\/span><\/p>\n<p>&nbsp;<\/p>\n","protected":false},"excerpt":{"rendered":"<p>&nbsp; Mitzel \/ S\u00e4ckchen Das Mitzel ist der Versuch, die Jacke auf der einen Bildquelle nachzuarbeiten. Stoff: dunkelblaues Leinen Schnitt: ausgestellte Seitennaht lose K\u00f6rperform \u00fcberschnittene Schulter Naht in der r\u00fcckw\u00e4rtigen Mitte Einnaht\u00e4rmel keine Abn\u00e4her in den Vorderteile Verschluss: vordere Mitte st\u00f6\u00dft an- einander mit unter- geschobener Knopfleiste beidseitige knopfl\u00f6cher &#8222;Manschettenknopfver-schluss&#8220; Kn\u00f6pfe: dunkelblaue Posamentenkn\u00f6pfe Verzierung: 2&hellip; <\/p>\n<p> <a rel=\"bookmark\" class=\"read-more btn btn-primary\" href=\"https:\/\/altriper-tracht.de\/?page_id=256\">Weiterlesen<span class=\"screen-reader-text\"> bei Mitzel \/ S\u00e4ckchen <\/span>&raquo;<\/a><\/p>\n","protected":false},"author":2,"featured_media":0,"parent":56,"menu_order":0,"comment_status":"open","ping_status":"closed","template":"","meta":{"_crdt_document":"","footnotes":""},"class_list":["post-256","page","type-page","status-publish","hentry"],"_links":{"self":[{"href":"https:\/\/altriper-tracht.de\/index.php?rest_route=\/wp\/v2\/pages\/256","targetHints":{"allow":["GET"]}}],"collection":[{"href":"https:\/\/altriper-tracht.de\/index.php?rest_route=\/wp\/v2\/pages"}],"about":[{"href":"https:\/\/altriper-tracht.de\/index.php?rest_route=\/wp\/v2\/types\/page"}],"author":[{"embeddable":true,"href":"https:\/\/altriper-tracht.de\/index.php?rest_route=\/wp\/v2\/users\/2"}],"replies":[{"embeddable":true,"href":"https:\/\/altriper-tracht.de\/index.php?rest_route=%2Fwp%2Fv2%2Fcomments&post=256"}],"version-history":[{"count":9,"href":"https:\/\/altriper-tracht.de\/index.php?rest_route=\/wp\/v2\/pages\/256\/revisions"}],"predecessor-version":[{"id":994,"href":"https:\/\/altriper-tracht.de\/index.php?rest_route=\/wp\/v2\/pages\/256\/revisions\/994"}],"up":[{"embeddable":true,"href":"https:\/\/altriper-tracht.de\/index.php?rest_route=\/wp\/v2\/pages\/56"}],"wp:attachment":[{"href":"https:\/\/altriper-tracht.de\/index.php?rest_route=%2Fwp%2Fv2%2Fmedia&parent=256"}],"curies":[{"name":"wp","href":"https:\/\/api.w.org\/{rel}","templated":true}]}}