{"id":239,"date":"2021-02-18T17:23:52","date_gmt":"2021-02-18T17:23:52","guid":{"rendered":"https:\/\/trachtdev.private-cloud.network\/?page_id=239"},"modified":"2021-03-07T14:43:52","modified_gmt":"2021-03-07T14:43:52","slug":"leibchen","status":"publish","type":"page","link":"https:\/\/altriper-tracht.de\/?page_id=239","title":{"rendered":"Leibchen"},"content":{"rendered":"<p>&nbsp;<\/p>\n<h3>Leibchen mit &#8222;Weiberspeck&#8220;, Leiwelworscht<\/h3>\n<p><noscript><img decoding=\"async\" class=\"alignnone size-medium wp-image-385\" src=\"\/wp-content\/uploads\/2021\/02\/leibchen-238x300.jpg\" alt width=\"238\" height=\"300\" srcset=\"https:\/\/altriper-tracht.de\/wp-content\/uploads\/2021\/02\/leibchen-238x300.jpg 238w, https:\/\/altriper-tracht.de\/wp-content\/uploads\/2021\/02\/leibchen.jpg 459w\" sizes=\"(max-width: 238px) 100vw, 238px\"><\/noscript><img decoding=\"async\" class=\"alignnone size-medium wp-image-385 lazyload\" src=\"data:image\/svg+xml,%3Csvg%20xmlns%3D%22http%3A%2F%2Fwww.w3.org%2F2000%2Fsvg%22%20viewBox%3D%220%200%20238%20300%22%3E%3C%2Fsvg%3E\" alt width=\"238\" height=\"300\" srcset=\"data:image\/svg+xml,%3Csvg%20xmlns%3D%22http%3A%2F%2Fwww.w3.org%2F2000%2Fsvg%22%20viewBox%3D%220%200%20238%20300%22%3E%3C%2Fsvg%3E 238w\" sizes=\"(max-width: 238px) 100vw, 238px\" data-srcset=\"https:\/\/altriper-tracht.de\/wp-content\/uploads\/2021\/02\/leibchen-238x300.jpg 238w, https:\/\/altriper-tracht.de\/wp-content\/uploads\/2021\/02\/leibchen.jpg 459w\" data-src=\"\/wp-content\/uploads\/2021\/02\/leibchen-238x300.jpg\"><\/p>\n<p>Diskussion s.u.<\/p>\n<p><strong>Stoff:<\/strong> nachtblaues Leinen<\/p>\n<p><strong>Vorderteil:<\/strong><\/p>\n<ul>\n<li>keine Abn\u00e4her<\/li>\n<li>schlie\u00dft mit Rundnaht (&#8222;Wiener Naht&#8220;) im R\u00fccken<\/li>\n<li>Vorderteile treffen sich in vorderer Mitte (kein \u00dcber-\/Untertritt<\/li>\n<li>Verschluss: Schnurl\u00f6cher + Schnur<\/li>\n<li>L\u00e4nge: bis zur Taille<\/li>\n<li>Ausschnittform: eckig<\/li>\n<\/ul>\n<p><strong>R\u00fcckenteil<\/strong><\/p>\n<p><noscript><img decoding=\"async\" class=\"alignnone size-medium wp-image-380\" src=\"\/wp-content\/uploads\/2021\/02\/rockwulst-hinten-231x300.png\" alt width=\"231\" height=\"300\" srcset=\"https:\/\/altriper-tracht.de\/wp-content\/uploads\/2021\/02\/rockwulst-hinten-231x300.png 231w, https:\/\/altriper-tracht.de\/wp-content\/uploads\/2021\/02\/rockwulst-hinten.png 765w\" sizes=\"(max-width: 231px) 100vw, 231px\"><\/noscript><img decoding=\"async\" class=\"alignnone size-medium wp-image-380 lazyload\" src=\"data:image\/svg+xml,%3Csvg%20xmlns%3D%22http%3A%2F%2Fwww.w3.org%2F2000%2Fsvg%22%20viewBox%3D%220%200%20231%20300%22%3E%3C%2Fsvg%3E\" alt width=\"231\" height=\"300\" srcset=\"data:image\/svg+xml,%3Csvg%20xmlns%3D%22http%3A%2F%2Fwww.w3.org%2F2000%2Fsvg%22%20viewBox%3D%220%200%20231%20300%22%3E%3C%2Fsvg%3E 231w\" sizes=\"(max-width: 231px) 100vw, 231px\" data-srcset=\"https:\/\/altriper-tracht.de\/wp-content\/uploads\/2021\/02\/rockwulst-hinten-231x300.png 231w, https:\/\/altriper-tracht.de\/wp-content\/uploads\/2021\/02\/rockwulst-hinten.png 765w\" data-src=\"\/wp-content\/uploads\/2021\/02\/rockwulst-hinten-231x300.png\"><\/p>\n<ul>\n<li><span style=\"color: 000066;\">Naht in r\u00fcckw\u00e4rtiger Mitte<\/span><\/li>\n<li><span style=\"color: 000066;\">Schultern angeschnitten<\/span><\/li>\n<li><span style=\"color: 000066;\">Schlulternaht schr\u00e4g angesetzt<\/span><\/li>\n<\/ul>\n<p><strong>Verarbeitung:<\/strong><br>\ngesamtes Vorderteil auf Rosshaar gearbeitet und In Form gebracht<\/p>\n<p><strong>Verzierung:<\/strong><\/p>\n<ul>\n<li>Kn\u00f6tchenstich mit mittelblauem Garn in Bl\u00fctenkelch<\/li>\n<li>2 dunkelblaue Samtb\u00e4nder (3mm) parallel zur vorderen Mitte, dem Ausschnitt folgend zur hinteren Mitte<\/li>\n<\/ul>\n<p><strong>Besonderheit:<\/strong><br>\nIn der schriftlichen Quelle ist vermerkt: &#8222;<em><b>armsdicke \u201eW\u00f6rscht\u201c<\/b> um die H\u00fcften<\/em>&#8220; &#8211; wir haben diese rudiment\u00e4re Beschreibung mit einer <b>Rockwulst\/&#8220;Leiwelworscht&#8220; <\/b>umgesetzt: sie ist ans Leibchen angen\u00e4ht und besteht aus schr\u00e4gem Leinenband (20 cm), naht zur Rundung hin geschlossen, an den Enden verst\u00fcrzt, fest ausgestopft mit Hanf.<\/p>\n<hr>\n<p><strong>Diskussion<\/strong><\/p>\n<p><span style=\"-webkit-text-size-adjust: 100%;\">F\u00fcr die Trachten der Trachtentr\u00e4gerinnen haben wir uns entschlossen, den \u201eWeiberspeck\u201c wegzulassen &#8211; wir hatten die Bef\u00fcrchtung, keine Frauen daf\u00fcr gewinnen zu k\u00f6nnen. Andererseits h\u00e4tte es auch einen gewissen Charme, dies einmal auszuprobieren&#8230;\ud83d\ude09<\/span><\/p>\n<p><strong>Stoffbeispiele Leibchen:<\/strong><\/p>\n<style id=\"bwg-style-0\">    #bwg_container1_0 #bwg_container2_0 .bwg-container-0.bwg-standard-thumbnails {      width: 1254px;              justify-content: center;        margin:0 auto !important;              background-color: rgba(255, 255, 255, 0.00);            padding-left: 4px;      padding-top: 4px;      max-width: 100%;            }        #bwg_container1_0 #bwg_container2_0 .bwg-container-0.bwg-standard-thumbnails .bwg-item {    justify-content: flex-start;      max-width: 250px;          }    #bwg_container1_0 #bwg_container2_0 .bwg-container-0.bwg-standard-thumbnails .bwg-item a {       margin-right: 4px;       margin-bottom: 4px;    }    #bwg_container1_0 #bwg_container2_0 .bwg-container-0.bwg-standard-thumbnails .bwg-item0 {      padding: 0px;            background-color:rgba(0,0,0, 0.30);      border: 0px none #CCCCCC;      opacity: 1.00;      border-radius: 0;      box-shadow: ;    }    #bwg_container1_0 #bwg_container2_0 .bwg-container-0.bwg-standard-thumbnails .bwg-item1 img {      max-height: none;      max-width: none;      padding: 0 !important;    }         @media only screen and (min-width: 480px) {\t\t#bwg_container1_0 #bwg_container2_0 .bwg-container-0.bwg-standard-thumbnails .bwg-item1 img {\t\t\t-webkit-transition: all .3s; transition: all .3s;\t\t}\t\t#bwg_container1_0 #bwg_container2_0 .bwg-container-0.bwg-standard-thumbnails .bwg-item1 img:hover {\t\t\t-ms-transform: scale(1.08);\t\t\t-webkit-transform: scale(1.08);\t\t\ttransform: scale(1.08);\t\t}\t\t\t\t.bwg-standard-thumbnails .bwg-zoom-effect .bwg-zoom-effect-overlay {\t\t\t\t\t\tbackground-color:rgba(0,0,0, 0.3);\t\t}\t\t.bwg-standard-thumbnails .bwg-zoom-effect:hover img {\t\t\t-ms-transform: scale(1.08);\t\t\t-webkit-transform: scale(1.08);\t\t\ttransform: scale(1.08);\t\t}\t\t      }\t    #bwg_container1_0 #bwg_container2_0 .bwg-container-0.bwg-standard-thumbnails .bwg-item1 {      padding-top: 56%;    }        #bwg_container1_0 #bwg_container2_0 .bwg-container-0.bwg-standard-thumbnails .bwg-title1 {      position: absolute;      top: 0;      z-index: 100;      width: 100%;      height: 100%;      display: flex;      justify-content: center;      align-content: center;      flex-direction: column;      opacity: 0;    }\t      #bwg_container1_0 #bwg_container2_0 .bwg-container-0.bwg-standard-thumbnails .bwg-title2,    #bwg_container1_0 #bwg_container2_0 .bwg-container-0.bwg-standard-thumbnails .bwg-ecommerce2 {      color: #FFFFFF;      font-family: Ubuntu;      font-size: 16px;      font-weight: bold;      padding: 2px;      text-shadow: ;      max-height: 100%;    }    #bwg_container1_0 #bwg_container2_0 .bwg-container-0.bwg-standard-thumbnails .bwg-thumb-description span {    color: #323A45;    font-family: Ubuntu;    font-size: 12px;    max-height: 100%;    word-wrap: break-word;    }    #bwg_container1_0 #bwg_container2_0 .bwg-container-0.bwg-standard-thumbnails .bwg-play-icon2 {      font-size: 32px;    }    #bwg_container1_0 #bwg_container2_0 .bwg-container-0.bwg-standard-thumbnails .bwg-ecommerce2 {      font-size: 19.2px;      color: #323A45;    }    <\/style>    <div id=\"bwg_container1_0\" class=\"bwg_container bwg_thumbnail bwg_thumbnails \" data-right-click-protection=\"1\" data-bwg=\"0\" data-scroll=\"0\" data-gallery-type=\"thumbnails\" data-gallery-view-type=\"thumbnails\" data-current-url=\"\/index.php?rest_route=%2Fwp%2Fv2%2Fpages%2F239\" data-lightbox-url=\"https:\/\/altriper-tracht.de\/wp-admin\/admin-ajax.php?action=GalleryBox&#038;current_view=0&#038;gallery_id=8&#038;tag=0&#038;theme_id=1&#038;shortcode_id=15&#038;sort_by=order&#038;order_by=asc&#038;current_url=%2Findex.php%3Frest_route%3D%252Fwp%252Fv2%252Fpages%252F239\" data-gallery-id=\"8\" data-popup-width=\"800\" data-popup-height=\"500\" data-is-album=\"gallery\" data-buttons-position=\"bottom\">      <div id=\"bwg_container2_0\">             <div id=\"ajax_loading_0\" class=\"bwg_loading_div_1\">      <div class=\"bwg_loading_div_2\">        <div class=\"bwg_loading_div_3\">          <div id=\"loading_div_0\" class=\"bwg_spider_ajax_loading\">          <\/div>        <\/div>      <\/div>    <\/div>            <form id=\"gal_front_form_0\" class=\"bwg-hidden\" method=\"post\" action=\"#\" data-current=\"0\" data-shortcode-id=\"15\" data-gallery-type=\"thumbnails\" data-gallery-id=\"8\" data-tag=\"0\" data-album-id=\"0\" data-theme-id=\"1\" data-ajax-url=\"https:\/\/altriper-tracht.de\/wp-admin\/admin-ajax.php?action=bwg_frontend_data\">          <div id=\"bwg_container3_0\" class=\"bwg-background bwg-background-0\">                <div data-max-count=\"5\" data-thumbnail-width=\"250\" data-bwg=\"0\" data-gallery-id=\"8\" data-lightbox-url=\"https:\/\/altriper-tracht.de\/wp-admin\/admin-ajax.php?action=GalleryBox&amp;current_view=0&amp;gallery_id=8&amp;tag=0&amp;theme_id=1&amp;shortcode_id=15&amp;sort_by=order&amp;order_by=asc&amp;current_url=%2Findex.php%3Frest_route%3D%252Fwp%252Fv2%252Fpages%252F239\" id=\"bwg_thumbnails_0\" class=\"bwg-container-0 bwg-thumbnails bwg-standard-thumbnails bwg-container bwg-border-box\">            <div class=\"bwg-item\">        <a class=\"bwg-a  bwg_lightbox\" data-image-id=\"36\" href=\"https:\/\/altriper-tracht.de\/wp-content\/uploads\/photo-gallery\/imported_from_media_libray\/C94780B0-5EA2-49D1-A1C5-E94BFDB4E70C.jpeg?bwg=1614423858\" data-elementor-open-lightbox=\"no\">                <div class=\"bwg-item0 \">          <div class=\"bwg-item1 bwg-zoom-effect\">            <div class=\"bwg-item2\">              <img decoding=\"async\" class=\"skip-lazy bwg_standart_thumb_img_0 \" data-id=\"36\" data-width=\"500\" data-height=\"385\" data-src=\"https:\/\/altriper-tracht.de\/wp-content\/uploads\/photo-gallery\/imported_from_media_libray\/thumb\/C94780B0-5EA2-49D1-A1C5-E94BFDB4E70C.jpeg?bwg=1614423858\" src=\"https:\/\/altriper-tracht.de\/wp-content\/uploads\/photo-gallery\/imported_from_media_libray\/thumb\/C94780B0-5EA2-49D1-A1C5-E94BFDB4E70C.jpeg?bwg=1614423858\" alt title>            <\/div>            <div class=\"bwg-zoom-effect-overlay\">              <div class=\"bwg-title1\"><div class=\"bwg-title2\">&nbsp;<\/div><\/div>                                        <\/div>          <\/div>        <\/div>                        <\/a>              <\/div>            <div class=\"bwg-item\">        <a class=\"bwg-a  bwg_lightbox\" data-image-id=\"35\" href=\"https:\/\/altriper-tracht.de\/wp-content\/uploads\/photo-gallery\/imported_from_media_libray\/EFED68E0-F535-4D46-A607-FDF58266EDB8.jpeg?bwg=1614423858\" data-elementor-open-lightbox=\"no\">                <div class=\"bwg-item0 \">          <div class=\"bwg-item1 bwg-zoom-effect\">            <div class=\"bwg-item2\">              <img decoding=\"async\" class=\"skip-lazy bwg_standart_thumb_img_0 \" data-id=\"35\" data-width=\"500\" data-height=\"366\" data-src=\"https:\/\/altriper-tracht.de\/wp-content\/uploads\/photo-gallery\/imported_from_media_libray\/thumb\/EFED68E0-F535-4D46-A607-FDF58266EDB8.jpeg?bwg=1614423858\" src=\"https:\/\/altriper-tracht.de\/wp-content\/uploads\/photo-gallery\/imported_from_media_libray\/thumb\/EFED68E0-F535-4D46-A607-FDF58266EDB8.jpeg?bwg=1614423858\" alt title>            <\/div>            <div class=\"bwg-zoom-effect-overlay\">              <div class=\"bwg-title1\"><div class=\"bwg-title2\">&nbsp;<\/div><\/div>                                        <\/div>          <\/div>        <\/div>                        <\/a>              <\/div>            <div class=\"bwg-item\">        <a class=\"bwg-a  bwg_lightbox\" data-image-id=\"34\" href=\"https:\/\/altriper-tracht.de\/wp-content\/uploads\/photo-gallery\/imported_from_media_libray\/A63E6597-7A12-4B63-A3BC-9BF2186D5581.jpeg?bwg=1614423858\" data-elementor-open-lightbox=\"no\">                <div class=\"bwg-item0 \">          <div class=\"bwg-item1 bwg-zoom-effect\">            <div class=\"bwg-item2\">              <img decoding=\"async\" class=\"skip-lazy bwg_standart_thumb_img_0 \" data-id=\"34\" data-width=\"500\" data-height=\"458\" data-src=\"https:\/\/altriper-tracht.de\/wp-content\/uploads\/photo-gallery\/imported_from_media_libray\/thumb\/A63E6597-7A12-4B63-A3BC-9BF2186D5581.jpeg?bwg=1614423858\" src=\"https:\/\/altriper-tracht.de\/wp-content\/uploads\/photo-gallery\/imported_from_media_libray\/thumb\/A63E6597-7A12-4B63-A3BC-9BF2186D5581.jpeg?bwg=1614423858\" alt title>            <\/div>            <div class=\"bwg-zoom-effect-overlay\">              <div class=\"bwg-title1\"><div class=\"bwg-title2\">&nbsp;<\/div><\/div>                                        <\/div>          <\/div>        <\/div>                        <\/a>              <\/div>            <div class=\"bwg-item\">        <a class=\"bwg-a  bwg_lightbox\" data-image-id=\"33\" href=\"https:\/\/altriper-tracht.de\/wp-content\/uploads\/photo-gallery\/imported_from_media_libray\/C609D83C-B078-44A6-B0AF-723111EA36E4.jpeg?bwg=1614423858\" data-elementor-open-lightbox=\"no\">                <div class=\"bwg-item0 \">          <div class=\"bwg-item1 bwg-zoom-effect\">            <div class=\"bwg-item2\">              <img decoding=\"async\" class=\"skip-lazy bwg_standart_thumb_img_0 \" data-id=\"33\" data-width=\"500\" data-height=\"410\" data-src=\"https:\/\/altriper-tracht.de\/wp-content\/uploads\/photo-gallery\/imported_from_media_libray\/thumb\/C609D83C-B078-44A6-B0AF-723111EA36E4.jpeg?bwg=1614423858\" src=\"https:\/\/altriper-tracht.de\/wp-content\/uploads\/photo-gallery\/imported_from_media_libray\/thumb\/C609D83C-B078-44A6-B0AF-723111EA36E4.jpeg?bwg=1614423858\" alt title>            <\/div>            <div class=\"bwg-zoom-effect-overlay\">              <div class=\"bwg-title1\"><div class=\"bwg-title2\">&nbsp;<\/div><\/div>                                        <\/div>          <\/div>        <\/div>                        <\/a>              <\/div>          <\/div>    <style>      \/*pagination styles*\/      #bwg_container1_0 #bwg_container2_0 .tablenav-pages_0 {\t\t\t\ttext-align: center;\t\t\t\tfont-size: 12px;\t\t\t\tfont-family: Ubuntu;\t\t\t\tfont-weight: bold;\t\t\t\tcolor: #666666;\t\t\t\tmargin: 6px 0 4px;\t\t\t\tdisplay: block;      }      @media only screen and (max-width : 320px) {      #bwg_container1_0 #bwg_container2_0 .displaying-num_0 {     \t display: none;      }      }      #bwg_container1_0 #bwg_container2_0 .displaying-num_0 {\t\t\t\tfont-size: 12px;\t\t\t\tfont-family: Ubuntu;\t\t\t\tfont-weight: bold;\t\t\t\tcolor: #666666;\t\t\t\tmargin-right: 10px;\t\t\t\tvertical-align: middle;      }      #bwg_container1_0 #bwg_container2_0 .paging-input_0 {\t\t\t\tfont-size: 12px;\t\t\t\tfont-family: Ubuntu;\t\t\t\tfont-weight: bold;\t\t\t\tcolor: #666666;\t\t\t\tvertical-align: middle;      }      #bwg_container1_0 #bwg_container2_0 .tablenav-pages_0 a.disabled,      #bwg_container1_0 #bwg_container2_0 .tablenav-pages_0 a.disabled:hover,      #bwg_container1_0 #bwg_container2_0 .tablenav-pages_0 a.disabled:focus,\t\t\t#bwg_container1_0 #bwg_container2_0 .tablenav-pages_0 input.bwg_current_page {\t\t\t\tcursor: default;\t\t\t\tcolor: rgba(102, 102, 102, 0.5);      }      #bwg_container1_0 #bwg_container2_0 .tablenav-pages_0 a,      #bwg_container1_0 #bwg_container2_0 .tablenav-pages_0 input.bwg_current_page {\t\t\t\tcursor: pointer;\t\t\t\ttext-align: center;\t\t\t\tfont-size: 12px;\t\t\t\tfont-family: Ubuntu;\t\t\t\tfont-weight: bold;\t\t\t\tcolor: #666666;\t\t\t\ttext-decoration: none;\t\t\t\tpadding: 3px 6px;\t\t\t\tmargin: 0;\t\t\t\tborder-radius: 0;\t\t\t\tborder-style: solid;\t\t\t\tborder-width: 1px;\t\t\t\tborder-color: #E3E3E3;\t\t\t\t\t\t\t\tbackground-color: rgba(255, 255, 255, 1.00);\t\t\t\tbox-shadow: 0;\t\t\t\ttransition: all 0.3s ease 0s;-webkit-transition: all 0.3s ease 0s;      }      <\/style>      <span class=\"bwg_nav_cont_0\">              <div class=\"tablenav-pages_0\">                  <\/div>                <input type=\"hidden\" id=\"page_number_0\" name=\"page_number_0\" value=\"1\">      <script type=\"text\/javascript\">        if( jQuery('.bwg_nav_cont_0').length > 1 ) {          jQuery('.bwg_nav_cont_0').first().remove()        }        function spider_page_0(cur, x, y, load_more) {          if (typeof load_more == \"undefined\") {            var load_more = false;          }          if (jQuery(cur).hasClass('disabled')) {            return false;          }          var items_county_0 = 1;          switch (y) {            case 1:              if (x >= items_county_0) {                document.getElementById('page_number_0').value = items_county_0;              }              else {                document.getElementById('page_number_0').value = x + 1;              }              break;            case 2:              document.getElementById('page_number_0').value = items_county_0;              break;            case -1:              if (x == 1) {                document.getElementById('page_number_0').value = 1;              }              else {                document.getElementById('page_number_0').value = x - 1;              }              break;            case -2:              document.getElementById('page_number_0').value = 1;              break;\t\t\t\t\t\tcase 0:              document.getElementById('page_number_0').value = x;              break;            default:              document.getElementById('page_number_0').value = 1;          }          bwg_ajax('gal_front_form_0', '0', 'bwg_thumbnails_0', '0', '', 'gallery', 0, '', '', load_more, '', 1);        }                    jQuery('.first-page-0').on('click', function () {              spider_page_0(this, 1, -2, 'numeric');              return false;            });            jQuery('.prev-page-0').on('click', function () {              spider_page_0(this, 1, -1, 'numeric');              return false;            });            jQuery('.next-page-0').on('click', function () {              spider_page_0(this, 1, 1, 'numeric');              return false;            });            jQuery('.last-page-0').on('click', function () {              spider_page_0(this, 1, 2, 'numeric');              return false;            });        \t\t\t\t\/* Change page on input enter. *\/        function bwg_change_page_0( e, that ) {          if (  e.key == 'Enter' ) {            var to_page = parseInt(jQuery(that).val());            var pages_count = jQuery(that).parents(\".pagination-links\").data(\"pages-count\");            var current_url_param = jQuery(that).attr('data-url-info');            if (to_page > pages_count) {              to_page = 1;            }\t \t\t\t\t\t\t\t\t\t\t\t\tspider_page_0(this, to_page, 0, 'numeric');\t\t\t\t\t\t\treturn false;\t\t\t\t\t\t          }          return true;        }        jQuery('.bwg_load_btn_0').on('click', function () {            spider_page_0(this, 1, 1, true);            return false;        });      <\/script>      <\/span>                <\/div>        <\/form>        <style>          #bwg_container1_0 #bwg_container2_0 #spider_popup_overlay_0 {          background-color: #EEEEEE;          opacity: 0.60;          }          <\/style>        <div id=\"bwg_spider_popup_loading_0\" class=\"bwg_spider_popup_loading\"><\/div>        <div id=\"spider_popup_overlay_0\" class=\"spider_popup_overlay\" onclick=\"spider_destroypopup(1000)\"><\/div>        <input type=\"hidden\" id=\"bwg_random_seed_0\" value=\"1626592753\">                <\/div>    <\/div>    <script>      if (document.readyState === 'complete') {        if( typeof bwg_main_ready == 'function' ) {          if ( jQuery(\"#bwg_container1_0\").height() ) {            bwg_main_ready(jQuery(\"#bwg_container1_0\"));          }        }      } else {        document.addEventListener('DOMContentLoaded', function() {          if( typeof bwg_main_ready == 'function' ) {            if ( jQuery(\"#bwg_container1_0\").height() ) {             bwg_main_ready(jQuery(\"#bwg_container1_0\"));            }          }        });      }    <\/script>    \n","protected":false},"excerpt":{"rendered":"<p>&nbsp; Leibchen mit &#8222;Weiberspeck&#8220;, Leiwelworscht Diskussion s.u. Stoff: nachtblaues Leinen Vorderteil: keine Abn\u00e4her schlie\u00dft mit Rundnaht (&#8222;Wiener Naht&#8220;) im R\u00fccken Vorderteile treffen sich in vorderer Mitte (kein \u00dcber-\/Untertritt Verschluss: Schnurl\u00f6cher + Schnur L\u00e4nge: bis zur Taille Ausschnittform: eckig R\u00fcckenteil Naht in r\u00fcckw\u00e4rtiger Mitte Schultern angeschnitten Schlulternaht schr\u00e4g angesetzt Verarbeitung: gesamtes Vorderteil auf Rosshaar gearbeitet und&hellip; <\/p>\n<p> <a rel=\"bookmark\" class=\"read-more btn btn-primary\" href=\"https:\/\/altriper-tracht.de\/?page_id=239\">Weiterlesen<span class=\"screen-reader-text\"> bei Leibchen <\/span>&raquo;<\/a><\/p>\n","protected":false},"author":2,"featured_media":0,"parent":56,"menu_order":0,"comment_status":"open","ping_status":"closed","template":"","meta":{"_crdt_document":"","footnotes":""},"class_list":["post-239","page","type-page","status-publish","hentry"],"_links":{"self":[{"href":"https:\/\/altriper-tracht.de\/index.php?rest_route=\/wp\/v2\/pages\/239","targetHints":{"allow":["GET"]}}],"collection":[{"href":"https:\/\/altriper-tracht.de\/index.php?rest_route=\/wp\/v2\/pages"}],"about":[{"href":"https:\/\/altriper-tracht.de\/index.php?rest_route=\/wp\/v2\/types\/page"}],"author":[{"embeddable":true,"href":"https:\/\/altriper-tracht.de\/index.php?rest_route=\/wp\/v2\/users\/2"}],"replies":[{"embeddable":true,"href":"https:\/\/altriper-tracht.de\/index.php?rest_route=%2Fwp%2Fv2%2Fcomments&post=239"}],"version-history":[{"count":11,"href":"https:\/\/altriper-tracht.de\/index.php?rest_route=\/wp\/v2\/pages\/239\/revisions"}],"predecessor-version":[{"id":954,"href":"https:\/\/altriper-tracht.de\/index.php?rest_route=\/wp\/v2\/pages\/239\/revisions\/954"}],"up":[{"embeddable":true,"href":"https:\/\/altriper-tracht.de\/index.php?rest_route=\/wp\/v2\/pages\/56"}],"wp:attachment":[{"href":"https:\/\/altriper-tracht.de\/index.php?rest_route=%2Fwp%2Fv2%2Fmedia&parent=239"}],"curies":[{"name":"wp","href":"https:\/\/api.w.org\/{rel}","templated":true}]}}