{"id":236,"date":"2021-02-18T09:04:23","date_gmt":"2021-02-18T09:04:23","guid":{"rendered":"https:\/\/trachtdev.private-cloud.network\/?page_id=236"},"modified":"2021-03-07T14:45:34","modified_gmt":"2021-03-07T14:45:34","slug":"unterrock","status":"publish","type":"page","link":"https:\/\/altriper-tracht.de\/?page_id=236","title":{"rendered":"Unterrock"},"content":{"rendered":"<p>&nbsp;<\/p>\n<h3>Unterrock<\/h3>\n<p><noscript><img decoding=\"async\" class=\"alignnone size-medium wp-image-391\" src=\"\/wp-content\/uploads\/2021\/02\/Unterrock-185x300.jpg\" alt width=\"185\" height=\"300\" srcset=\"https:\/\/altriper-tracht.de\/wp-content\/uploads\/2021\/02\/Unterrock-185x300.jpg 185w, https:\/\/altriper-tracht.de\/wp-content\/uploads\/2021\/02\/Unterrock.jpg 519w\" sizes=\"(max-width: 185px) 100vw, 185px\"><\/noscript><img decoding=\"async\" class=\"alignnone size-medium wp-image-391 lazyload\" src=\"data:image\/svg+xml,%3Csvg%20xmlns%3D%22http%3A%2F%2Fwww.w3.org%2F2000%2Fsvg%22%20viewBox%3D%220%200%20185%20300%22%3E%3C%2Fsvg%3E\" alt width=\"185\" height=\"300\" srcset=\"data:image\/svg+xml,%3Csvg%20xmlns%3D%22http%3A%2F%2Fwww.w3.org%2F2000%2Fsvg%22%20viewBox%3D%220%200%20185%20300%22%3E%3C%2Fsvg%3E 185w\" sizes=\"(max-width: 185px) 100vw, 185px\" data-srcset=\"https:\/\/altriper-tracht.de\/wp-content\/uploads\/2021\/02\/Unterrock-185x300.jpg 185w, https:\/\/altriper-tracht.de\/wp-content\/uploads\/2021\/02\/Unterrock.jpg 519w\" data-src=\"\/wp-content\/uploads\/2021\/02\/Unterrock-185x300.jpg\"><\/p>\n<p><strong>Stoff:<\/strong> mittelblaues Leinen<br>\n<strong>L\u00e4nge:<\/strong> 87 cm<br>\n<strong>Weite:<\/strong> 1 x die Stoffbreite (160 cm)<br>\n<strong>Schlitz:<\/strong> vorn 22 cm<br>\n<strong>Bund:<\/strong> Tunnelzug mit B\u00e4ndchen<br>\n<strong>Verzierung:<\/strong> mittelblaues Satinband (2,5 cm breit), 3 cm oberhalb von Saumkante<\/p>\n<p>Unterr\u00f6cke k\u00f6nnen auch ganz schlicht wei\u00df gehalten sein.<\/p>\n","protected":false},"excerpt":{"rendered":"<p>&nbsp; Unterrock Stoff: mittelblaues Leinen L\u00e4nge: 87 cm Weite: 1 x die Stoffbreite (160 cm) Schlitz: vorn 22 cm Bund: Tunnelzug mit B\u00e4ndchen Verzierung: mittelblaues Satinband (2,5 cm breit), 3 cm oberhalb von Saumkante Unterr\u00f6cke k\u00f6nnen auch ganz schlicht wei\u00df gehalten sein.<\/p>\n","protected":false},"author":2,"featured_media":0,"parent":56,"menu_order":0,"comment_status":"open","ping_status":"closed","template":"","meta":{"_crdt_document":"","footnotes":""},"class_list":["post-236","page","type-page","status-publish","hentry"],"_links":{"self":[{"href":"https:\/\/altriper-tracht.de\/index.php?rest_route=\/wp\/v2\/pages\/236","targetHints":{"allow":["GET"]}}],"collection":[{"href":"https:\/\/altriper-tracht.de\/index.php?rest_route=\/wp\/v2\/pages"}],"about":[{"href":"https:\/\/altriper-tracht.de\/index.php?rest_route=\/wp\/v2\/types\/page"}],"author":[{"embeddable":true,"href":"https:\/\/altriper-tracht.de\/index.php?rest_route=\/wp\/v2\/users\/2"}],"replies":[{"embeddable":true,"href":"https:\/\/altriper-tracht.de\/index.php?rest_route=%2Fwp%2Fv2%2Fcomments&post=236"}],"version-history":[{"count":7,"href":"https:\/\/altriper-tracht.de\/index.php?rest_route=\/wp\/v2\/pages\/236\/revisions"}],"predecessor-version":[{"id":953,"href":"https:\/\/altriper-tracht.de\/index.php?rest_route=\/wp\/v2\/pages\/236\/revisions\/953"}],"up":[{"embeddable":true,"href":"https:\/\/altriper-tracht.de\/index.php?rest_route=\/wp\/v2\/pages\/56"}],"wp:attachment":[{"href":"https:\/\/altriper-tracht.de\/index.php?rest_route=%2Fwp%2Fv2%2Fmedia&parent=236"}],"curies":[{"name":"wp","href":"https:\/\/api.w.org\/{rel}","templated":true}]}}